{"id":44,"date":"2025-10-22T20:44:23","date_gmt":"2025-10-22T18:44:23","guid":{"rendered":"https:\/\/hypnosens91.fr\/?page_id=44"},"modified":"2026-04-03T11:23:01","modified_gmt":"2026-04-03T09:23:01","slug":"contact","status":"publish","type":"page","link":"https:\/\/hypnosens91.fr\/index.php\/contact\/","title":{"rendered":"Contact"},"content":{"rendered":"<p><!-- PAGE CONTACT - hypnosens91.fr --><\/p>\n<div class=\"hs-service-page\">\n<div class=\"hs-contact-body\">\n<p>    <!-- EN-T\u00caTE --><\/p>\n<div class=\"hs-contact-header\">\n<h2 class=\"hs-contact-title\">Prendre contact<\/h2>\n<p class=\"hs-contact-sub\">S\u00e9ances uniquement sur rendez-vous.<br \/>N&rsquo;h\u00e9sitez pas \u00e0 me contacter pour toute question.<\/p>\n<\/p><\/div>\n<p>    <!-- EMAIL + T\u00c9L\u00c9PHONE c\u00f4te \u00e0 c\u00f4te --><\/p>\n<div class=\"hs-contact-coords-row\">\n<div class=\"hs-contact-card\">\n<div class=\"hs-contact-card__icon\">\u2709<\/div>\n<div class=\"hs-contact-card__content\">\n<h3>E-mail<\/h3>\n<p>          <a href=\"mailto:contact@hypnosens91.fr\">contact@hypnosens91.fr<\/a><br \/>\n          <a class=\"hs-btn hs-btn--outline hs-contact-card__btn\" href=\"mailto:contact@hypnosens91.fr\">\u00c9crire un e-mail<\/a>\n        <\/div>\n<\/p><\/div>\n<div class=\"hs-contact-card\">\n<div class=\"hs-contact-card__icon\">\u260f<\/div>\n<div class=\"hs-contact-card__content\">\n<h3>T\u00e9l\u00e9phone<\/h3>\n<p>          <a href=\"tel:0663845101\">06 63 84 51 01<\/a><br \/>\n          <a class=\"hs-btn hs-btn--outline hs-contact-card__btn\" href=\"tel:0663845101\">Appeler<\/a>\n        <\/div>\n<\/p><\/div>\n<\/p><\/div>\n<p>    <!-- PHOTO DU CABINET --><\/p>\n<div class=\"hs-contact-photo\">\n      <!-- Remplacer le src par l'URL de votre photo --><br \/>\n      <img decoding=\"async\" src=\"http:\/\/hypnosens91.fr\/wp-content\/uploads\/2025\/11\/IMG_5811-scaled.jpg\" alt=\"Cabinet Hypnosens\" \/><\/p>\n<div class=\"hs-contact-photo__caption\">Un espace pens\u00e9 pour le calme et le l\u00e2cher-prise.<\/div>\n<\/p><\/div>\n<p>    <!-- NOTE BAS --><\/p>\n<div class=\"hs-contact-note\">\n<p>Chaque accompagnement commence par un \u00e9change pour s&rsquo;assurer que la rencontre est juste pour vous.<\/p>\n<\/p><\/div>\n<\/p><\/div>\n<\/div>\n<p><script type=\"application\/ld+json\">\n{\n  \"@context\": \"https:\/\/schema.org\",\n  \"@type\": \"LocalBusiness\",\n  \"name\": \"Claire Cuisinier \/ Hypnosens\",\n  \"url\": \"https:\/\/hypnosens91.fr\/contact\",\n  \"contactPoint\": [{\n    \"@type\": \"ContactPoint\",\n    \"contactType\": \"customer support\",\n    \"email\": \"contact@hypnosens91.fr\",\n    \"telephone\": \"0663845101\"\n  }]\n}\n<\/script><\/p>\n","protected":false},"excerpt":{"rendered":"<p>Prendre contact S\u00e9ances uniquement sur rendez-vous.N&rsquo;h\u00e9sitez pas \u00e0 me contacter pour toute question. \u2709 E-mail contact@hypnosens91.fr \u00c9crire un e-mail \u260f T\u00e9l\u00e9phone 06 63 84 51 01 Appeler Un espace pens\u00e9 &hellip; <\/p>\n","protected":false},"author":1,"featured_media":69,"parent":0,"menu_order":0,"comment_status":"closed","ping_status":"closed","template":"","meta":{"footnotes":""},"class_list":["post-44","page","type-page","status-publish","has-post-thumbnail","hentry"],"yoast_head":"<!-- This site is optimized with the Yoast SEO plugin v27.2 - https:\/\/yoast.com\/product\/yoast-seo-wordpress\/ -->\n<title>Contact - Hypnosens<\/title>\n<meta name=\"robots\" content=\"index, follow, max-snippet:-1, max-image-preview:large, max-video-preview:-1\" \/>\n<link rel=\"canonical\" href=\"https:\/\/hypnosens91.fr\/index.php\/contact\/\" \/>\n<meta property=\"og:locale\" content=\"fr_FR\" \/>\n<meta property=\"og:type\" content=\"article\" \/>\n<meta property=\"og:title\" content=\"Contact - Hypnosens\" \/>\n<meta property=\"og:description\" content=\"Prendre contact S\u00e9ances uniquement sur rendez-vous.N&rsquo;h\u00e9sitez pas \u00e0 me contacter pour toute question. \u2709 E-mail contact@hypnosens91.fr \u00c9crire un e-mail \u260f T\u00e9l\u00e9phone 06 63 84 51 01 Appeler Un espace pens\u00e9 &hellip;\" \/>\n<meta property=\"og:url\" content=\"https:\/\/hypnosens91.fr\/index.php\/contact\/\" \/>\n<meta property=\"og:site_name\" content=\"Hypnosens\" \/>\n<meta property=\"article:modified_time\" content=\"2026-04-03T09:23:01+00:00\" \/>\n<meta property=\"og:image\" content=\"http:\/\/hypnosens91.fr\/wp-content\/uploads\/2025\/11\/fond.png\" \/>\n\t<meta property=\"og:image:width\" content=\"1536\" \/>\n\t<meta property=\"og:image:height\" content=\"1024\" \/>\n\t<meta property=\"og:image:type\" content=\"image\/png\" \/>\n<meta name=\"twitter:card\" content=\"summary_large_image\" \/>\n<meta name=\"twitter:label1\" content=\"Dur\u00e9e de lecture estim\u00e9e\" \/>\n\t<meta name=\"twitter:data1\" content=\"1 minute\" \/>\n<script type=\"application\/ld+json\" class=\"yoast-schema-graph\">{\"@context\":\"https:\/\/schema.org\",\"@graph\":[{\"@type\":\"WebPage\",\"@id\":\"https:\/\/hypnosens91.fr\/index.php\/contact\/\",\"url\":\"https:\/\/hypnosens91.fr\/index.php\/contact\/\",\"name\":\"Contact - Hypnosens\",\"isPartOf\":{\"@id\":\"https:\/\/hypnosens91.fr\/#website\"},\"primaryImageOfPage\":{\"@id\":\"https:\/\/hypnosens91.fr\/index.php\/contact\/#primaryimage\"},\"image\":{\"@id\":\"https:\/\/hypnosens91.fr\/index.php\/contact\/#primaryimage\"},\"thumbnailUrl\":\"https:\/\/hypnosens91.fr\/wp-content\/uploads\/2025\/11\/fond.png\",\"datePublished\":\"2025-10-22T18:44:23+00:00\",\"dateModified\":\"2026-04-03T09:23:01+00:00\",\"breadcrumb\":{\"@id\":\"https:\/\/hypnosens91.fr\/index.php\/contact\/#breadcrumb\"},\"inLanguage\":\"fr-FR\",\"potentialAction\":[{\"@type\":\"ReadAction\",\"target\":[\"https:\/\/hypnosens91.fr\/index.php\/contact\/\"]}]},{\"@type\":\"ImageObject\",\"inLanguage\":\"fr-FR\",\"@id\":\"https:\/\/hypnosens91.fr\/index.php\/contact\/#primaryimage\",\"url\":\"https:\/\/hypnosens91.fr\/wp-content\/uploads\/2025\/11\/fond.png\",\"contentUrl\":\"https:\/\/hypnosens91.fr\/wp-content\/uploads\/2025\/11\/fond.png\",\"width\":1536,\"height\":1024},{\"@type\":\"BreadcrumbList\",\"@id\":\"https:\/\/hypnosens91.fr\/index.php\/contact\/#breadcrumb\",\"itemListElement\":[{\"@type\":\"ListItem\",\"position\":1,\"name\":\"Accueil\",\"item\":\"https:\/\/hypnosens91.fr\/\"},{\"@type\":\"ListItem\",\"position\":2,\"name\":\"Contact\"}]},{\"@type\":\"WebSite\",\"@id\":\"https:\/\/hypnosens91.fr\/#website\",\"url\":\"https:\/\/hypnosens91.fr\/\",\"name\":\"Hypnosens\",\"description\":\"Hypnose &amp; \u00c9nergie\",\"publisher\":{\"@id\":\"https:\/\/hypnosens91.fr\/#organization\"},\"potentialAction\":[{\"@type\":\"SearchAction\",\"target\":{\"@type\":\"EntryPoint\",\"urlTemplate\":\"https:\/\/hypnosens91.fr\/?s={search_term_string}\"},\"query-input\":{\"@type\":\"PropertyValueSpecification\",\"valueRequired\":true,\"valueName\":\"search_term_string\"}}],\"inLanguage\":\"fr-FR\"},{\"@type\":\"Organization\",\"@id\":\"https:\/\/hypnosens91.fr\/#organization\",\"name\":\"Hypnosens\",\"url\":\"https:\/\/hypnosens91.fr\/\",\"logo\":{\"@type\":\"ImageObject\",\"inLanguage\":\"fr-FR\",\"@id\":\"https:\/\/hypnosens91.fr\/#\/schema\/logo\/image\/\",\"url\":\"https:\/\/hypnosens91.fr\/wp-content\/uploads\/2025\/11\/logo-100.png\",\"contentUrl\":\"https:\/\/hypnosens91.fr\/wp-content\/uploads\/2025\/11\/logo-100.png\",\"width\":100,\"height\":100,\"caption\":\"Hypnosens\"},\"image\":{\"@id\":\"https:\/\/hypnosens91.fr\/#\/schema\/logo\/image\/\"}}]}<\/script>\n<!-- \/ Yoast SEO plugin. -->","yoast_head_json":{"title":"Contact - Hypnosens","robots":{"index":"index","follow":"follow","max-snippet":"max-snippet:-1","max-image-preview":"max-image-preview:large","max-video-preview":"max-video-preview:-1"},"canonical":"https:\/\/hypnosens91.fr\/index.php\/contact\/","og_locale":"fr_FR","og_type":"article","og_title":"Contact - Hypnosens","og_description":"Prendre contact S\u00e9ances uniquement sur rendez-vous.N&rsquo;h\u00e9sitez pas \u00e0 me contacter pour toute question. \u2709 E-mail contact@hypnosens91.fr \u00c9crire un e-mail \u260f T\u00e9l\u00e9phone 06 63 84 51 01 Appeler Un espace pens\u00e9 &hellip;","og_url":"https:\/\/hypnosens91.fr\/index.php\/contact\/","og_site_name":"Hypnosens","article_modified_time":"2026-04-03T09:23:01+00:00","og_image":[{"width":1536,"height":1024,"url":"http:\/\/hypnosens91.fr\/wp-content\/uploads\/2025\/11\/fond.png","type":"image\/png"}],"twitter_card":"summary_large_image","twitter_misc":{"Dur\u00e9e de lecture estim\u00e9e":"1 minute"},"schema":{"@context":"https:\/\/schema.org","@graph":[{"@type":"WebPage","@id":"https:\/\/hypnosens91.fr\/index.php\/contact\/","url":"https:\/\/hypnosens91.fr\/index.php\/contact\/","name":"Contact - Hypnosens","isPartOf":{"@id":"https:\/\/hypnosens91.fr\/#website"},"primaryImageOfPage":{"@id":"https:\/\/hypnosens91.fr\/index.php\/contact\/#primaryimage"},"image":{"@id":"https:\/\/hypnosens91.fr\/index.php\/contact\/#primaryimage"},"thumbnailUrl":"https:\/\/hypnosens91.fr\/wp-content\/uploads\/2025\/11\/fond.png","datePublished":"2025-10-22T18:44:23+00:00","dateModified":"2026-04-03T09:23:01+00:00","breadcrumb":{"@id":"https:\/\/hypnosens91.fr\/index.php\/contact\/#breadcrumb"},"inLanguage":"fr-FR","potentialAction":[{"@type":"ReadAction","target":["https:\/\/hypnosens91.fr\/index.php\/contact\/"]}]},{"@type":"ImageObject","inLanguage":"fr-FR","@id":"https:\/\/hypnosens91.fr\/index.php\/contact\/#primaryimage","url":"https:\/\/hypnosens91.fr\/wp-content\/uploads\/2025\/11\/fond.png","contentUrl":"https:\/\/hypnosens91.fr\/wp-content\/uploads\/2025\/11\/fond.png","width":1536,"height":1024},{"@type":"BreadcrumbList","@id":"https:\/\/hypnosens91.fr\/index.php\/contact\/#breadcrumb","itemListElement":[{"@type":"ListItem","position":1,"name":"Accueil","item":"https:\/\/hypnosens91.fr\/"},{"@type":"ListItem","position":2,"name":"Contact"}]},{"@type":"WebSite","@id":"https:\/\/hypnosens91.fr\/#website","url":"https:\/\/hypnosens91.fr\/","name":"Hypnosens","description":"Hypnose &amp; \u00c9nergie","publisher":{"@id":"https:\/\/hypnosens91.fr\/#organization"},"potentialAction":[{"@type":"SearchAction","target":{"@type":"EntryPoint","urlTemplate":"https:\/\/hypnosens91.fr\/?s={search_term_string}"},"query-input":{"@type":"PropertyValueSpecification","valueRequired":true,"valueName":"search_term_string"}}],"inLanguage":"fr-FR"},{"@type":"Organization","@id":"https:\/\/hypnosens91.fr\/#organization","name":"Hypnosens","url":"https:\/\/hypnosens91.fr\/","logo":{"@type":"ImageObject","inLanguage":"fr-FR","@id":"https:\/\/hypnosens91.fr\/#\/schema\/logo\/image\/","url":"https:\/\/hypnosens91.fr\/wp-content\/uploads\/2025\/11\/logo-100.png","contentUrl":"https:\/\/hypnosens91.fr\/wp-content\/uploads\/2025\/11\/logo-100.png","width":100,"height":100,"caption":"Hypnosens"},"image":{"@id":"https:\/\/hypnosens91.fr\/#\/schema\/logo\/image\/"}}]}},"_links":{"self":[{"href":"https:\/\/hypnosens91.fr\/index.php\/wp-json\/wp\/v2\/pages\/44","targetHints":{"allow":["GET"]}}],"collection":[{"href":"https:\/\/hypnosens91.fr\/index.php\/wp-json\/wp\/v2\/pages"}],"about":[{"href":"https:\/\/hypnosens91.fr\/index.php\/wp-json\/wp\/v2\/types\/page"}],"author":[{"embeddable":true,"href":"https:\/\/hypnosens91.fr\/index.php\/wp-json\/wp\/v2\/users\/1"}],"replies":[{"embeddable":true,"href":"https:\/\/hypnosens91.fr\/index.php\/wp-json\/wp\/v2\/comments?post=44"}],"version-history":[{"count":15,"href":"https:\/\/hypnosens91.fr\/index.php\/wp-json\/wp\/v2\/pages\/44\/revisions"}],"predecessor-version":[{"id":289,"href":"https:\/\/hypnosens91.fr\/index.php\/wp-json\/wp\/v2\/pages\/44\/revisions\/289"}],"wp:featuredmedia":[{"embeddable":true,"href":"https:\/\/hypnosens91.fr\/index.php\/wp-json\/wp\/v2\/media\/69"}],"wp:attachment":[{"href":"https:\/\/hypnosens91.fr\/index.php\/wp-json\/wp\/v2\/media?parent=44"}],"curies":[{"name":"wp","href":"https:\/\/api.w.org\/{rel}","templated":true}]}}