{"id":40,"date":"2025-10-22T20:40:53","date_gmt":"2025-10-22T18:40:53","guid":{"rendered":"https:\/\/hypnosens91.fr\/?page_id=40"},"modified":"2026-03-26T15:34:53","modified_gmt":"2026-03-26T13:34:53","slug":"qui-suis-je","status":"publish","type":"page","link":"https:\/\/hypnosens91.fr\/index.php\/qui-suis-je\/","title":{"rendered":"\u00c0 propos"},"content":{"rendered":"\n<div class=\"wp-block-group quisuije\"><div class=\"wp-block-group__inner-container is-layout-constrained wp-container-core-group-is-layout-faf8a699 wp-block-group-is-layout-constrained\">\n    \n    <h2 class=\"wp-block-heading\">Qui suis-je ?<\/h2>\n    \n\n    \n    <div class=\"wp-block-group\"><div class=\"wp-block-group__inner-container is-layout-constrained wp-block-group-is-layout-constrained\">\n\n        \n        <figure class=\"wp-block-image portrait-quisuije\">\n            <img decoding=\"async\" src=\"http:\/\/hypnosens91.fr\/wp-content\/uploads\/2025\/12\/DSC_9848bw-scaled.jpg\" alt=\"Portrait\" \/>\n        <\/figure>\n        \n\n        \n        <p class=\"has-drop-cap\">\n            Pendant plus de 20 ans, j\u2019ai \u00e9t\u00e9 manager\/directrice de magasin. Mon m\u00e9tier, \u00e9tait d\u2019accompagner des \u00e9quipes, de les guider, de les faire grandir. Et si les r\u00e9ussites chiffr\u00e9es \u00e9taient pr\u00e9sentes, mes vraies victoires ont toujours \u00e9t\u00e9 humaines : les parcours, les \u00e9volutions, les histoires partag\u00e9es.\n        <\/p>\n        \n\n        \n        <p>Ce fil conducteur ne m\u2019a jamais quitt\u00e9e.<br>\n        Simplement, aujourd\u2019hui, j\u2019ai choisi de l\u2019incarner autrement, avec plus de sens et plus de profondeur.<\/p>\n        \n\n        \n        <p>Form\u00e9e en hypnose et au r\u00e9\u00e9quilibrage \u00e9nerg\u00e9tique, j\u2019accompagne d\u00e9sormais celles et ceux qui veulent d\u00e9poser leurs armes, se reconnecter \u00e0 eux-m\u00eames et repartir plus align\u00e9s, plus solides, plus libres.<\/p>\n        \n\n        \n        <p>Mon chemin n\u2019a pas chang\u00e9 :<br>\n        Avant, j\u2019accompagnais des \u00e9quipes vers la performance collective.<br>\n        Aujourd\u2019hui, j\u2019accompagne des personnes vers leur \u00e9quilibre int\u00e9rieur, en y mettant simplement une dimension plus intime, plus consciente.<\/p>\n        \n\n    <\/div><\/div>\n    \n<\/div><\/div>\n<!-- \/wp:group \u2192\n","protected":false},"excerpt":{"rendered":"<p>Qui suis-je ? Pendant plus de 20 ans, j\u2019ai \u00e9t\u00e9 manager\/directrice de magasin. Mon m\u00e9tier, \u00e9tait d\u2019accompagner des \u00e9quipes, de les guider, de les faire grandir. Et si les r\u00e9ussites &hellip; <\/p>\n","protected":false},"author":1,"featured_media":69,"parent":0,"menu_order":0,"comment_status":"closed","ping_status":"closed","template":"","meta":{"footnotes":""},"class_list":["post-40","page","type-page","status-publish","has-post-thumbnail","hentry"],"yoast_head":"<!-- This site is optimized with the Yoast SEO plugin v27.2 - https:\/\/yoast.com\/product\/yoast-seo-wordpress\/ -->\n<title>\u00c0 propos - Hypnosens<\/title>\n<meta name=\"robots\" content=\"index, follow, max-snippet:-1, max-image-preview:large, max-video-preview:-1\" \/>\n<link rel=\"canonical\" href=\"https:\/\/hypnosens91.fr\/index.php\/qui-suis-je\/\" \/>\n<meta property=\"og:locale\" content=\"fr_FR\" \/>\n<meta property=\"og:type\" content=\"article\" \/>\n<meta property=\"og:title\" content=\"\u00c0 propos - Hypnosens\" \/>\n<meta property=\"og:description\" content=\"Qui suis-je ? Pendant plus de 20 ans, j\u2019ai \u00e9t\u00e9 manager\/directrice de magasin. Mon m\u00e9tier, \u00e9tait d\u2019accompagner des \u00e9quipes, de les guider, de les faire grandir. Et si les r\u00e9ussites &hellip;\" \/>\n<meta property=\"og:url\" content=\"https:\/\/hypnosens91.fr\/index.php\/qui-suis-je\/\" \/>\n<meta property=\"og:site_name\" content=\"Hypnosens\" \/>\n<meta property=\"article:modified_time\" content=\"2026-03-26T13:34:53+00:00\" \/>\n<meta property=\"og:image\" content=\"http:\/\/hypnosens91.fr\/wp-content\/uploads\/2025\/11\/fond.png\" \/>\n\t<meta property=\"og:image:width\" content=\"1536\" \/>\n\t<meta property=\"og:image:height\" content=\"1024\" \/>\n\t<meta property=\"og:image:type\" content=\"image\/png\" \/>\n<meta name=\"twitter:card\" content=\"summary_large_image\" \/>\n<meta name=\"twitter:label1\" content=\"Dur\u00e9e de lecture estim\u00e9e\" \/>\n\t<meta name=\"twitter:data1\" content=\"2 minutes\" \/>\n<script type=\"application\/ld+json\" class=\"yoast-schema-graph\">{\"@context\":\"https:\/\/schema.org\",\"@graph\":[{\"@type\":\"WebPage\",\"@id\":\"https:\/\/hypnosens91.fr\/index.php\/qui-suis-je\/\",\"url\":\"https:\/\/hypnosens91.fr\/index.php\/qui-suis-je\/\",\"name\":\"\u00c0 propos - Hypnosens\",\"isPartOf\":{\"@id\":\"https:\/\/hypnosens91.fr\/#website\"},\"primaryImageOfPage\":{\"@id\":\"https:\/\/hypnosens91.fr\/index.php\/qui-suis-je\/#primaryimage\"},\"image\":{\"@id\":\"https:\/\/hypnosens91.fr\/index.php\/qui-suis-je\/#primaryimage\"},\"thumbnailUrl\":\"https:\/\/hypnosens91.fr\/wp-content\/uploads\/2025\/11\/fond.png\",\"datePublished\":\"2025-10-22T18:40:53+00:00\",\"dateModified\":\"2026-03-26T13:34:53+00:00\",\"breadcrumb\":{\"@id\":\"https:\/\/hypnosens91.fr\/index.php\/qui-suis-je\/#breadcrumb\"},\"inLanguage\":\"fr-FR\",\"potentialAction\":[{\"@type\":\"ReadAction\",\"target\":[\"https:\/\/hypnosens91.fr\/index.php\/qui-suis-je\/\"]}]},{\"@type\":\"ImageObject\",\"inLanguage\":\"fr-FR\",\"@id\":\"https:\/\/hypnosens91.fr\/index.php\/qui-suis-je\/#primaryimage\",\"url\":\"https:\/\/hypnosens91.fr\/wp-content\/uploads\/2025\/11\/fond.png\",\"contentUrl\":\"https:\/\/hypnosens91.fr\/wp-content\/uploads\/2025\/11\/fond.png\",\"width\":1536,\"height\":1024},{\"@type\":\"BreadcrumbList\",\"@id\":\"https:\/\/hypnosens91.fr\/index.php\/qui-suis-je\/#breadcrumb\",\"itemListElement\":[{\"@type\":\"ListItem\",\"position\":1,\"name\":\"Accueil\",\"item\":\"https:\/\/hypnosens91.fr\/\"},{\"@type\":\"ListItem\",\"position\":2,\"name\":\"\u00c0 propos\"}]},{\"@type\":\"WebSite\",\"@id\":\"https:\/\/hypnosens91.fr\/#website\",\"url\":\"https:\/\/hypnosens91.fr\/\",\"name\":\"Hypnosens\",\"description\":\"Hypnose &amp; \u00c9nergie\",\"publisher\":{\"@id\":\"https:\/\/hypnosens91.fr\/#organization\"},\"potentialAction\":[{\"@type\":\"SearchAction\",\"target\":{\"@type\":\"EntryPoint\",\"urlTemplate\":\"https:\/\/hypnosens91.fr\/?s={search_term_string}\"},\"query-input\":{\"@type\":\"PropertyValueSpecification\",\"valueRequired\":true,\"valueName\":\"search_term_string\"}}],\"inLanguage\":\"fr-FR\"},{\"@type\":\"Organization\",\"@id\":\"https:\/\/hypnosens91.fr\/#organization\",\"name\":\"Hypnosens\",\"url\":\"https:\/\/hypnosens91.fr\/\",\"logo\":{\"@type\":\"ImageObject\",\"inLanguage\":\"fr-FR\",\"@id\":\"https:\/\/hypnosens91.fr\/#\/schema\/logo\/image\/\",\"url\":\"https:\/\/hypnosens91.fr\/wp-content\/uploads\/2025\/11\/logo-100.png\",\"contentUrl\":\"https:\/\/hypnosens91.fr\/wp-content\/uploads\/2025\/11\/logo-100.png\",\"width\":100,\"height\":100,\"caption\":\"Hypnosens\"},\"image\":{\"@id\":\"https:\/\/hypnosens91.fr\/#\/schema\/logo\/image\/\"}}]}<\/script>\n<!-- \/ Yoast SEO plugin. -->","yoast_head_json":{"title":"\u00c0 propos - Hypnosens","robots":{"index":"index","follow":"follow","max-snippet":"max-snippet:-1","max-image-preview":"max-image-preview:large","max-video-preview":"max-video-preview:-1"},"canonical":"https:\/\/hypnosens91.fr\/index.php\/qui-suis-je\/","og_locale":"fr_FR","og_type":"article","og_title":"\u00c0 propos - Hypnosens","og_description":"Qui suis-je ? Pendant plus de 20 ans, j\u2019ai \u00e9t\u00e9 manager\/directrice de magasin. Mon m\u00e9tier, \u00e9tait d\u2019accompagner des \u00e9quipes, de les guider, de les faire grandir. Et si les r\u00e9ussites &hellip;","og_url":"https:\/\/hypnosens91.fr\/index.php\/qui-suis-je\/","og_site_name":"Hypnosens","article_modified_time":"2026-03-26T13:34:53+00:00","og_image":[{"width":1536,"height":1024,"url":"http:\/\/hypnosens91.fr\/wp-content\/uploads\/2025\/11\/fond.png","type":"image\/png"}],"twitter_card":"summary_large_image","twitter_misc":{"Dur\u00e9e de lecture estim\u00e9e":"2 minutes"},"schema":{"@context":"https:\/\/schema.org","@graph":[{"@type":"WebPage","@id":"https:\/\/hypnosens91.fr\/index.php\/qui-suis-je\/","url":"https:\/\/hypnosens91.fr\/index.php\/qui-suis-je\/","name":"\u00c0 propos - Hypnosens","isPartOf":{"@id":"https:\/\/hypnosens91.fr\/#website"},"primaryImageOfPage":{"@id":"https:\/\/hypnosens91.fr\/index.php\/qui-suis-je\/#primaryimage"},"image":{"@id":"https:\/\/hypnosens91.fr\/index.php\/qui-suis-je\/#primaryimage"},"thumbnailUrl":"https:\/\/hypnosens91.fr\/wp-content\/uploads\/2025\/11\/fond.png","datePublished":"2025-10-22T18:40:53+00:00","dateModified":"2026-03-26T13:34:53+00:00","breadcrumb":{"@id":"https:\/\/hypnosens91.fr\/index.php\/qui-suis-je\/#breadcrumb"},"inLanguage":"fr-FR","potentialAction":[{"@type":"ReadAction","target":["https:\/\/hypnosens91.fr\/index.php\/qui-suis-je\/"]}]},{"@type":"ImageObject","inLanguage":"fr-FR","@id":"https:\/\/hypnosens91.fr\/index.php\/qui-suis-je\/#primaryimage","url":"https:\/\/hypnosens91.fr\/wp-content\/uploads\/2025\/11\/fond.png","contentUrl":"https:\/\/hypnosens91.fr\/wp-content\/uploads\/2025\/11\/fond.png","width":1536,"height":1024},{"@type":"BreadcrumbList","@id":"https:\/\/hypnosens91.fr\/index.php\/qui-suis-je\/#breadcrumb","itemListElement":[{"@type":"ListItem","position":1,"name":"Accueil","item":"https:\/\/hypnosens91.fr\/"},{"@type":"ListItem","position":2,"name":"\u00c0 propos"}]},{"@type":"WebSite","@id":"https:\/\/hypnosens91.fr\/#website","url":"https:\/\/hypnosens91.fr\/","name":"Hypnosens","description":"Hypnose &amp; \u00c9nergie","publisher":{"@id":"https:\/\/hypnosens91.fr\/#organization"},"potentialAction":[{"@type":"SearchAction","target":{"@type":"EntryPoint","urlTemplate":"https:\/\/hypnosens91.fr\/?s={search_term_string}"},"query-input":{"@type":"PropertyValueSpecification","valueRequired":true,"valueName":"search_term_string"}}],"inLanguage":"fr-FR"},{"@type":"Organization","@id":"https:\/\/hypnosens91.fr\/#organization","name":"Hypnosens","url":"https:\/\/hypnosens91.fr\/","logo":{"@type":"ImageObject","inLanguage":"fr-FR","@id":"https:\/\/hypnosens91.fr\/#\/schema\/logo\/image\/","url":"https:\/\/hypnosens91.fr\/wp-content\/uploads\/2025\/11\/logo-100.png","contentUrl":"https:\/\/hypnosens91.fr\/wp-content\/uploads\/2025\/11\/logo-100.png","width":100,"height":100,"caption":"Hypnosens"},"image":{"@id":"https:\/\/hypnosens91.fr\/#\/schema\/logo\/image\/"}}]}},"_links":{"self":[{"href":"https:\/\/hypnosens91.fr\/index.php\/wp-json\/wp\/v2\/pages\/40","targetHints":{"allow":["GET"]}}],"collection":[{"href":"https:\/\/hypnosens91.fr\/index.php\/wp-json\/wp\/v2\/pages"}],"about":[{"href":"https:\/\/hypnosens91.fr\/index.php\/wp-json\/wp\/v2\/types\/page"}],"author":[{"embeddable":true,"href":"https:\/\/hypnosens91.fr\/index.php\/wp-json\/wp\/v2\/users\/1"}],"replies":[{"embeddable":true,"href":"https:\/\/hypnosens91.fr\/index.php\/wp-json\/wp\/v2\/comments?post=40"}],"version-history":[{"count":29,"href":"https:\/\/hypnosens91.fr\/index.php\/wp-json\/wp\/v2\/pages\/40\/revisions"}],"predecessor-version":[{"id":186,"href":"https:\/\/hypnosens91.fr\/index.php\/wp-json\/wp\/v2\/pages\/40\/revisions\/186"}],"wp:featuredmedia":[{"embeddable":true,"href":"https:\/\/hypnosens91.fr\/index.php\/wp-json\/wp\/v2\/media\/69"}],"wp:attachment":[{"href":"https:\/\/hypnosens91.fr\/index.php\/wp-json\/wp\/v2\/media?parent=40"}],"curies":[{"name":"wp","href":"https:\/\/api.w.org\/{rel}","templated":true}]}}