{"id":296,"date":"2026-04-03T15:05:02","date_gmt":"2026-04-03T13:05:02","guid":{"rendered":"https:\/\/hypnosens91.fr\/?page_id=296"},"modified":"2026-04-03T15:07:39","modified_gmt":"2026-04-03T13:07:39","slug":"livre","status":"publish","type":"page","link":"https:\/\/hypnosens91.fr\/index.php\/livre\/","title":{"rendered":"Livre"},"content":{"rendered":"<p><!-- PAGE LIVRE - hypnosens91.fr --><\/p>\n<div class=\"hs-service-page\">\n<div class=\"hs-sp-body\">\n<p>    <!-- EN-T\u00caTE --><\/p>\n<div class=\"hs-gift-header\">\n<h2 class=\"hs-gift-title\">Un livre pour regarder autrement<\/h2>\n<p class=\"hs-gift-tagline\"><em>Ce livre est n\u00e9 des chemins travers\u00e9s<br \/>et du regard pos\u00e9 sur ce que la vie nous fait vivre.<\/em><\/p>\n<\/p><\/div>\n<p>    <!-- CONTENU : texte gauche + couverture droite --><\/p>\n<div class=\"hs-book-main\">\n<div class=\"hs-book-text\">\n<p>Il ne propose pas de v\u00e9rit\u00e9 absolue.<\/p>\n<p>Il offre simplement une autre mani\u00e8re de regarder ce que l&rsquo;on vit\u2026 d&rsquo;interroger, de ressentir, d&rsquo;exp\u00e9rimenter.<\/p>\n<p>\u00c0 travers des r\u00e9flexions et quelques exercices, il invite \u00e0 vivre les choses autrement, \u00e0 son rythme.<\/p>\n<p>Et si\u2026 la vie pouvait \u00eatre per\u00e7ue diff\u00e9remment ?<br \/>Et si certaines choses pouvaient s&rsquo;all\u00e9ger ?<\/p>\n<div style=\"margin-top: 28px;\">\n          <a class=\"hs-btn hs-btn--outline\" href=\"https:\/\/www.amazon.fr\/si-vie-%C3%A9tait-belle\/dp\/B0G7F2926P\" target=\"_blank\" rel=\"noopener\">Disponible sur Amazon \u203a<\/a>\n        <\/div>\n<\/p><\/div>\n<div class=\"hs-book-cover\">\n        <!-- Remplacer src par l'URL de la couverture du livre --><br \/>\n        <img decoding=\"async\" src=\"http:\/\/hypnosens91.fr\/wp-content\/uploads\/2026\/04\/71W3VeoiC3L._SL1500_.jpg\" alt=\"Et si la vie \u00e9tait belle ? \u2014 Claire Cuisinier\" \/>\n      <\/div>\n<\/p><\/div>\n<p><!-- \/book-main --><\/p>\n<p>    <!-- CITATION FINALE --><\/p>\n<div class=\"hs-book-closing\">\n<p class=\"hs-book-closing__main\">Ce livre est une invitation.<\/p>\n<p class=\"hs-book-closing__sub\"><em>Une exp\u00e9rience int\u00e9rieure.<\/em><\/p>\n<\/p><\/div>\n<\/p><\/div>\n<\/div>\n","protected":false},"excerpt":{"rendered":"<p>Un livre pour regarder autrement Ce livre est n\u00e9 des chemins travers\u00e9set du regard pos\u00e9 sur ce que la vie nous fait vivre. Il ne propose pas de v\u00e9rit\u00e9 absolue. &hellip; <\/p>\n","protected":false},"author":1,"featured_media":0,"parent":0,"menu_order":0,"comment_status":"closed","ping_status":"closed","template":"","meta":{"footnotes":""},"class_list":["post-296","page","type-page","status-publish","hentry"],"yoast_head":"<!-- This site is optimized with the Yoast SEO plugin v27.2 - https:\/\/yoast.com\/product\/yoast-seo-wordpress\/ -->\n<title>Livre - Hypnosens<\/title>\n<meta name=\"robots\" content=\"index, follow, max-snippet:-1, max-image-preview:large, max-video-preview:-1\" \/>\n<link rel=\"canonical\" href=\"https:\/\/hypnosens91.fr\/index.php\/livre\/\" \/>\n<meta property=\"og:locale\" content=\"fr_FR\" \/>\n<meta property=\"og:type\" content=\"article\" \/>\n<meta property=\"og:title\" content=\"Livre - Hypnosens\" \/>\n<meta property=\"og:description\" content=\"Un livre pour regarder autrement Ce livre est n\u00e9 des chemins travers\u00e9set du regard pos\u00e9 sur ce que la vie nous fait vivre. Il ne propose pas de v\u00e9rit\u00e9 absolue. &hellip;\" \/>\n<meta property=\"og:url\" content=\"https:\/\/hypnosens91.fr\/index.php\/livre\/\" \/>\n<meta property=\"og:site_name\" content=\"Hypnosens\" \/>\n<meta property=\"article:modified_time\" content=\"2026-04-03T13:07:39+00:00\" \/>\n<meta property=\"og:image\" content=\"http:\/\/hypnosens91.fr\/wp-content\/uploads\/2026\/04\/71W3VeoiC3L._SL1500_.jpg\" \/>\n<meta name=\"twitter:card\" content=\"summary_large_image\" \/>\n<meta name=\"twitter:label1\" content=\"Dur\u00e9e de lecture estim\u00e9e\" \/>\n\t<meta name=\"twitter:data1\" content=\"1 minute\" \/>\n<script type=\"application\/ld+json\" class=\"yoast-schema-graph\">{\"@context\":\"https:\/\/schema.org\",\"@graph\":[{\"@type\":\"WebPage\",\"@id\":\"https:\/\/hypnosens91.fr\/index.php\/livre\/\",\"url\":\"https:\/\/hypnosens91.fr\/index.php\/livre\/\",\"name\":\"Livre - Hypnosens\",\"isPartOf\":{\"@id\":\"https:\/\/hypnosens91.fr\/#website\"},\"primaryImageOfPage\":{\"@id\":\"https:\/\/hypnosens91.fr\/index.php\/livre\/#primaryimage\"},\"image\":{\"@id\":\"https:\/\/hypnosens91.fr\/index.php\/livre\/#primaryimage\"},\"thumbnailUrl\":\"http:\/\/hypnosens91.fr\/wp-content\/uploads\/2026\/04\/71W3VeoiC3L._SL1500_.jpg\",\"datePublished\":\"2026-04-03T13:05:02+00:00\",\"dateModified\":\"2026-04-03T13:07:39+00:00\",\"breadcrumb\":{\"@id\":\"https:\/\/hypnosens91.fr\/index.php\/livre\/#breadcrumb\"},\"inLanguage\":\"fr-FR\",\"potentialAction\":[{\"@type\":\"ReadAction\",\"target\":[\"https:\/\/hypnosens91.fr\/index.php\/livre\/\"]}]},{\"@type\":\"ImageObject\",\"inLanguage\":\"fr-FR\",\"@id\":\"https:\/\/hypnosens91.fr\/index.php\/livre\/#primaryimage\",\"url\":\"http:\/\/hypnosens91.fr\/wp-content\/uploads\/2026\/04\/71W3VeoiC3L._SL1500_.jpg\",\"contentUrl\":\"http:\/\/hypnosens91.fr\/wp-content\/uploads\/2026\/04\/71W3VeoiC3L._SL1500_.jpg\"},{\"@type\":\"BreadcrumbList\",\"@id\":\"https:\/\/hypnosens91.fr\/index.php\/livre\/#breadcrumb\",\"itemListElement\":[{\"@type\":\"ListItem\",\"position\":1,\"name\":\"Accueil\",\"item\":\"https:\/\/hypnosens91.fr\/\"},{\"@type\":\"ListItem\",\"position\":2,\"name\":\"Livre\"}]},{\"@type\":\"WebSite\",\"@id\":\"https:\/\/hypnosens91.fr\/#website\",\"url\":\"https:\/\/hypnosens91.fr\/\",\"name\":\"Hypnosens\",\"description\":\"Hypnose &amp; \u00c9nergie\",\"publisher\":{\"@id\":\"https:\/\/hypnosens91.fr\/#organization\"},\"potentialAction\":[{\"@type\":\"SearchAction\",\"target\":{\"@type\":\"EntryPoint\",\"urlTemplate\":\"https:\/\/hypnosens91.fr\/?s={search_term_string}\"},\"query-input\":{\"@type\":\"PropertyValueSpecification\",\"valueRequired\":true,\"valueName\":\"search_term_string\"}}],\"inLanguage\":\"fr-FR\"},{\"@type\":\"Organization\",\"@id\":\"https:\/\/hypnosens91.fr\/#organization\",\"name\":\"Hypnosens\",\"url\":\"https:\/\/hypnosens91.fr\/\",\"logo\":{\"@type\":\"ImageObject\",\"inLanguage\":\"fr-FR\",\"@id\":\"https:\/\/hypnosens91.fr\/#\/schema\/logo\/image\/\",\"url\":\"https:\/\/hypnosens91.fr\/wp-content\/uploads\/2025\/11\/logo-100.png\",\"contentUrl\":\"https:\/\/hypnosens91.fr\/wp-content\/uploads\/2025\/11\/logo-100.png\",\"width\":100,\"height\":100,\"caption\":\"Hypnosens\"},\"image\":{\"@id\":\"https:\/\/hypnosens91.fr\/#\/schema\/logo\/image\/\"}}]}<\/script>\n<!-- \/ Yoast SEO plugin. -->","yoast_head_json":{"title":"Livre - Hypnosens","robots":{"index":"index","follow":"follow","max-snippet":"max-snippet:-1","max-image-preview":"max-image-preview:large","max-video-preview":"max-video-preview:-1"},"canonical":"https:\/\/hypnosens91.fr\/index.php\/livre\/","og_locale":"fr_FR","og_type":"article","og_title":"Livre - Hypnosens","og_description":"Un livre pour regarder autrement Ce livre est n\u00e9 des chemins travers\u00e9set du regard pos\u00e9 sur ce que la vie nous fait vivre. Il ne propose pas de v\u00e9rit\u00e9 absolue. &hellip;","og_url":"https:\/\/hypnosens91.fr\/index.php\/livre\/","og_site_name":"Hypnosens","article_modified_time":"2026-04-03T13:07:39+00:00","og_image":[{"url":"http:\/\/hypnosens91.fr\/wp-content\/uploads\/2026\/04\/71W3VeoiC3L._SL1500_.jpg","type":"","width":"","height":""}],"twitter_card":"summary_large_image","twitter_misc":{"Dur\u00e9e de lecture estim\u00e9e":"1 minute"},"schema":{"@context":"https:\/\/schema.org","@graph":[{"@type":"WebPage","@id":"https:\/\/hypnosens91.fr\/index.php\/livre\/","url":"https:\/\/hypnosens91.fr\/index.php\/livre\/","name":"Livre - Hypnosens","isPartOf":{"@id":"https:\/\/hypnosens91.fr\/#website"},"primaryImageOfPage":{"@id":"https:\/\/hypnosens91.fr\/index.php\/livre\/#primaryimage"},"image":{"@id":"https:\/\/hypnosens91.fr\/index.php\/livre\/#primaryimage"},"thumbnailUrl":"http:\/\/hypnosens91.fr\/wp-content\/uploads\/2026\/04\/71W3VeoiC3L._SL1500_.jpg","datePublished":"2026-04-03T13:05:02+00:00","dateModified":"2026-04-03T13:07:39+00:00","breadcrumb":{"@id":"https:\/\/hypnosens91.fr\/index.php\/livre\/#breadcrumb"},"inLanguage":"fr-FR","potentialAction":[{"@type":"ReadAction","target":["https:\/\/hypnosens91.fr\/index.php\/livre\/"]}]},{"@type":"ImageObject","inLanguage":"fr-FR","@id":"https:\/\/hypnosens91.fr\/index.php\/livre\/#primaryimage","url":"http:\/\/hypnosens91.fr\/wp-content\/uploads\/2026\/04\/71W3VeoiC3L._SL1500_.jpg","contentUrl":"http:\/\/hypnosens91.fr\/wp-content\/uploads\/2026\/04\/71W3VeoiC3L._SL1500_.jpg"},{"@type":"BreadcrumbList","@id":"https:\/\/hypnosens91.fr\/index.php\/livre\/#breadcrumb","itemListElement":[{"@type":"ListItem","position":1,"name":"Accueil","item":"https:\/\/hypnosens91.fr\/"},{"@type":"ListItem","position":2,"name":"Livre"}]},{"@type":"WebSite","@id":"https:\/\/hypnosens91.fr\/#website","url":"https:\/\/hypnosens91.fr\/","name":"Hypnosens","description":"Hypnose &amp; \u00c9nergie","publisher":{"@id":"https:\/\/hypnosens91.fr\/#organization"},"potentialAction":[{"@type":"SearchAction","target":{"@type":"EntryPoint","urlTemplate":"https:\/\/hypnosens91.fr\/?s={search_term_string}"},"query-input":{"@type":"PropertyValueSpecification","valueRequired":true,"valueName":"search_term_string"}}],"inLanguage":"fr-FR"},{"@type":"Organization","@id":"https:\/\/hypnosens91.fr\/#organization","name":"Hypnosens","url":"https:\/\/hypnosens91.fr\/","logo":{"@type":"ImageObject","inLanguage":"fr-FR","@id":"https:\/\/hypnosens91.fr\/#\/schema\/logo\/image\/","url":"https:\/\/hypnosens91.fr\/wp-content\/uploads\/2025\/11\/logo-100.png","contentUrl":"https:\/\/hypnosens91.fr\/wp-content\/uploads\/2025\/11\/logo-100.png","width":100,"height":100,"caption":"Hypnosens"},"image":{"@id":"https:\/\/hypnosens91.fr\/#\/schema\/logo\/image\/"}}]}},"_links":{"self":[{"href":"https:\/\/hypnosens91.fr\/index.php\/wp-json\/wp\/v2\/pages\/296","targetHints":{"allow":["GET"]}}],"collection":[{"href":"https:\/\/hypnosens91.fr\/index.php\/wp-json\/wp\/v2\/pages"}],"about":[{"href":"https:\/\/hypnosens91.fr\/index.php\/wp-json\/wp\/v2\/types\/page"}],"author":[{"embeddable":true,"href":"https:\/\/hypnosens91.fr\/index.php\/wp-json\/wp\/v2\/users\/1"}],"replies":[{"embeddable":true,"href":"https:\/\/hypnosens91.fr\/index.php\/wp-json\/wp\/v2\/comments?post=296"}],"version-history":[{"count":3,"href":"https:\/\/hypnosens91.fr\/index.php\/wp-json\/wp\/v2\/pages\/296\/revisions"}],"predecessor-version":[{"id":300,"href":"https:\/\/hypnosens91.fr\/index.php\/wp-json\/wp\/v2\/pages\/296\/revisions\/300"}],"wp:attachment":[{"href":"https:\/\/hypnosens91.fr\/index.php\/wp-json\/wp\/v2\/media?parent=296"}],"curies":[{"name":"wp","href":"https:\/\/api.w.org\/{rel}","templated":true}]}}