{"id":292,"date":"2026-04-03T15:03:27","date_gmt":"2026-04-03T13:03:27","guid":{"rendered":"https:\/\/hypnosens91.fr\/?page_id=292"},"modified":"2026-04-03T15:10:52","modified_gmt":"2026-04-03T13:10:52","slug":"cartes-cadeaux","status":"publish","type":"page","link":"https:\/\/hypnosens91.fr\/index.php\/cartes-cadeaux\/","title":{"rendered":"Cartes cadeaux"},"content":{"rendered":"<p><!-- PAGE CARTES CADEAUX - hypnosens91.fr --><\/p>\n<div class=\"hs-service-page\">\n<div class=\"hs-sp-body\">\n<p>    <!-- EN-T\u00caTE --><\/p>\n<div class=\"hs-gift-header\">\n<h2 class=\"hs-gift-title\">Cartes cadeaux<\/h2>\n<p class=\"hs-gift-tagline\"><em>Offrir un moment pour soi\u2026<br \/>c&rsquo;est d\u00e9j\u00e0 offrir quelque chose de pr\u00e9cieux.<\/em><\/p>\n<\/p><\/div>\n<p>    <!-- PHOTO DE LA CARTE CADEAU --><\/p>\n<div class=\"hs-gift-photo\">\n      <!-- Remplacer src par l'URL de votre photo de carte cadeau --><br \/>\n      <img decoding=\"async\" src=\"http:\/\/hypnosens91.fr\/wp-content\/uploads\/2026\/04\/IMG_20260403_150838.png\" alt=\"Carte cadeau Hypnosens\" \/>\n    <\/div>\n<p>    <!-- CONTENU PRINCIPAL --><\/p>\n<div class=\"hs-sp-card\">\n<div class=\"hs-sp-two-col\">\n<div class=\"hs-sp-left\">\n<p>Offrir une s\u00e9ance, c&rsquo;est offrir bien plus qu&rsquo;un simple moment.<\/p>\n<p>C&rsquo;est offrir un temps pour ralentir, rel\u00e2cher, se recentrer\u2026 et se reconnecter \u00e0 soi.<\/p>\n<p>Que ce soit \u00e0 travers un soin \u00e9nerg\u00e9tique ou un massage \u00e9nerg\u00e9tique intuitif, la carte cadeau permet d&rsquo;offrir une exp\u00e9rience adapt\u00e9e aux besoins de la personne.<\/p>\n<p>Chaque accompagnement est unique :<\/p>\n<ul class=\"hs-sp-list hs-sp-list--orange\">\n<li>un soin \u00e9nerg\u00e9tique<\/li>\n<li>un massage \u00e9nerg\u00e9tique intuitif<\/li>\n<\/ul><\/div>\n<div class=\"hs-sp-right\">\n<div class=\"hs-sp-tarif-box\">\n<p class=\"hs-sp-tarif-title\">Cartes cadeaux<\/p>\n<ul class=\"hs-gift-features\">\n<li>personnalisables<br \/><span>(prestation ou montant)<\/span><\/li>\n<li>valables 12 mois<\/li>\n<li>remise en main propre,<br \/>envoi postal ou par mail<\/li>\n<\/ul><\/div>\n<div class=\"hs-sp-cta\" style=\"margin-top: 16px;\">\n            <a class=\"hs-btn hs-btn--filled\" href=\"\/index.php\/contact\">Demander une carte \u203a<\/a>\n          <\/div>\n<\/p><\/div>\n<\/p><\/div>\n<p><!-- \/two-col --><\/p>\n<div class=\"hs-sp-disclaimer\" style=\"margin-top: 24px; text-align: center;\">\n        Cet accompagnement ne se substitue pas \u00e0 un traitement m\u00e9dical.<br \/>\n        Il permet d&rsquo;agir sur les \u00e9motions, les \u00e9nergies et les ressentis du corps.\n      <\/div>\n<\/p><\/div>\n<p><!-- \/card --><\/p>\n<p class=\"hs-sp-quote\"><em>S&rsquo;autoriser un moment, c&rsquo;est d\u00e9j\u00e0 transformer quelque chose.<\/em><\/p>\n<\/p><\/div>\n<\/div>\n","protected":false},"excerpt":{"rendered":"<p>Cartes cadeaux Offrir un moment pour soi\u2026c&rsquo;est d\u00e9j\u00e0 offrir quelque chose de pr\u00e9cieux. Offrir une s\u00e9ance, c&rsquo;est offrir bien plus qu&rsquo;un simple moment. C&rsquo;est offrir un temps pour ralentir, rel\u00e2cher, &hellip; <\/p>\n","protected":false},"author":1,"featured_media":0,"parent":0,"menu_order":0,"comment_status":"closed","ping_status":"closed","template":"","meta":{"footnotes":""},"class_list":["post-292","page","type-page","status-publish","hentry"],"yoast_head":"<!-- This site is optimized with the Yoast SEO plugin v27.2 - https:\/\/yoast.com\/product\/yoast-seo-wordpress\/ -->\n<title>Cartes cadeaux - Hypnosens<\/title>\n<meta name=\"robots\" content=\"index, follow, max-snippet:-1, max-image-preview:large, max-video-preview:-1\" \/>\n<link rel=\"canonical\" href=\"https:\/\/hypnosens91.fr\/index.php\/cartes-cadeaux\/\" \/>\n<meta property=\"og:locale\" content=\"fr_FR\" \/>\n<meta property=\"og:type\" content=\"article\" \/>\n<meta property=\"og:title\" content=\"Cartes cadeaux - Hypnosens\" \/>\n<meta property=\"og:description\" content=\"Cartes cadeaux Offrir un moment pour soi\u2026c&rsquo;est d\u00e9j\u00e0 offrir quelque chose de pr\u00e9cieux. Offrir une s\u00e9ance, c&rsquo;est offrir bien plus qu&rsquo;un simple moment. C&rsquo;est offrir un temps pour ralentir, rel\u00e2cher, &hellip;\" \/>\n<meta property=\"og:url\" content=\"https:\/\/hypnosens91.fr\/index.php\/cartes-cadeaux\/\" \/>\n<meta property=\"og:site_name\" content=\"Hypnosens\" \/>\n<meta property=\"article:modified_time\" content=\"2026-04-03T13:10:52+00:00\" \/>\n<meta property=\"og:image\" content=\"http:\/\/hypnosens91.fr\/wp-content\/uploads\/2026\/04\/IMG_20260403_150838.png\" \/>\n<meta name=\"twitter:card\" content=\"summary_large_image\" \/>\n<meta name=\"twitter:label1\" content=\"Dur\u00e9e de lecture estim\u00e9e\" \/>\n\t<meta name=\"twitter:data1\" content=\"1 minute\" \/>\n<script type=\"application\/ld+json\" class=\"yoast-schema-graph\">{\"@context\":\"https:\/\/schema.org\",\"@graph\":[{\"@type\":\"WebPage\",\"@id\":\"https:\/\/hypnosens91.fr\/index.php\/cartes-cadeaux\/\",\"url\":\"https:\/\/hypnosens91.fr\/index.php\/cartes-cadeaux\/\",\"name\":\"Cartes cadeaux - Hypnosens\",\"isPartOf\":{\"@id\":\"https:\/\/hypnosens91.fr\/#website\"},\"primaryImageOfPage\":{\"@id\":\"https:\/\/hypnosens91.fr\/index.php\/cartes-cadeaux\/#primaryimage\"},\"image\":{\"@id\":\"https:\/\/hypnosens91.fr\/index.php\/cartes-cadeaux\/#primaryimage\"},\"thumbnailUrl\":\"http:\/\/hypnosens91.fr\/wp-content\/uploads\/2026\/04\/IMG_20260403_150838.png\",\"datePublished\":\"2026-04-03T13:03:27+00:00\",\"dateModified\":\"2026-04-03T13:10:52+00:00\",\"breadcrumb\":{\"@id\":\"https:\/\/hypnosens91.fr\/index.php\/cartes-cadeaux\/#breadcrumb\"},\"inLanguage\":\"fr-FR\",\"potentialAction\":[{\"@type\":\"ReadAction\",\"target\":[\"https:\/\/hypnosens91.fr\/index.php\/cartes-cadeaux\/\"]}]},{\"@type\":\"ImageObject\",\"inLanguage\":\"fr-FR\",\"@id\":\"https:\/\/hypnosens91.fr\/index.php\/cartes-cadeaux\/#primaryimage\",\"url\":\"http:\/\/hypnosens91.fr\/wp-content\/uploads\/2026\/04\/IMG_20260403_150838.png\",\"contentUrl\":\"http:\/\/hypnosens91.fr\/wp-content\/uploads\/2026\/04\/IMG_20260403_150838.png\"},{\"@type\":\"BreadcrumbList\",\"@id\":\"https:\/\/hypnosens91.fr\/index.php\/cartes-cadeaux\/#breadcrumb\",\"itemListElement\":[{\"@type\":\"ListItem\",\"position\":1,\"name\":\"Accueil\",\"item\":\"https:\/\/hypnosens91.fr\/\"},{\"@type\":\"ListItem\",\"position\":2,\"name\":\"Cartes cadeaux\"}]},{\"@type\":\"WebSite\",\"@id\":\"https:\/\/hypnosens91.fr\/#website\",\"url\":\"https:\/\/hypnosens91.fr\/\",\"name\":\"Hypnosens\",\"description\":\"Hypnose &amp; \u00c9nergie\",\"publisher\":{\"@id\":\"https:\/\/hypnosens91.fr\/#organization\"},\"potentialAction\":[{\"@type\":\"SearchAction\",\"target\":{\"@type\":\"EntryPoint\",\"urlTemplate\":\"https:\/\/hypnosens91.fr\/?s={search_term_string}\"},\"query-input\":{\"@type\":\"PropertyValueSpecification\",\"valueRequired\":true,\"valueName\":\"search_term_string\"}}],\"inLanguage\":\"fr-FR\"},{\"@type\":\"Organization\",\"@id\":\"https:\/\/hypnosens91.fr\/#organization\",\"name\":\"Hypnosens\",\"url\":\"https:\/\/hypnosens91.fr\/\",\"logo\":{\"@type\":\"ImageObject\",\"inLanguage\":\"fr-FR\",\"@id\":\"https:\/\/hypnosens91.fr\/#\/schema\/logo\/image\/\",\"url\":\"https:\/\/hypnosens91.fr\/wp-content\/uploads\/2025\/11\/logo-100.png\",\"contentUrl\":\"https:\/\/hypnosens91.fr\/wp-content\/uploads\/2025\/11\/logo-100.png\",\"width\":100,\"height\":100,\"caption\":\"Hypnosens\"},\"image\":{\"@id\":\"https:\/\/hypnosens91.fr\/#\/schema\/logo\/image\/\"}}]}<\/script>\n<!-- \/ Yoast SEO plugin. -->","yoast_head_json":{"title":"Cartes cadeaux - Hypnosens","robots":{"index":"index","follow":"follow","max-snippet":"max-snippet:-1","max-image-preview":"max-image-preview:large","max-video-preview":"max-video-preview:-1"},"canonical":"https:\/\/hypnosens91.fr\/index.php\/cartes-cadeaux\/","og_locale":"fr_FR","og_type":"article","og_title":"Cartes cadeaux - Hypnosens","og_description":"Cartes cadeaux Offrir un moment pour soi\u2026c&rsquo;est d\u00e9j\u00e0 offrir quelque chose de pr\u00e9cieux. Offrir une s\u00e9ance, c&rsquo;est offrir bien plus qu&rsquo;un simple moment. C&rsquo;est offrir un temps pour ralentir, rel\u00e2cher, &hellip;","og_url":"https:\/\/hypnosens91.fr\/index.php\/cartes-cadeaux\/","og_site_name":"Hypnosens","article_modified_time":"2026-04-03T13:10:52+00:00","og_image":[{"url":"http:\/\/hypnosens91.fr\/wp-content\/uploads\/2026\/04\/IMG_20260403_150838.png","type":"","width":"","height":""}],"twitter_card":"summary_large_image","twitter_misc":{"Dur\u00e9e de lecture estim\u00e9e":"1 minute"},"schema":{"@context":"https:\/\/schema.org","@graph":[{"@type":"WebPage","@id":"https:\/\/hypnosens91.fr\/index.php\/cartes-cadeaux\/","url":"https:\/\/hypnosens91.fr\/index.php\/cartes-cadeaux\/","name":"Cartes cadeaux - Hypnosens","isPartOf":{"@id":"https:\/\/hypnosens91.fr\/#website"},"primaryImageOfPage":{"@id":"https:\/\/hypnosens91.fr\/index.php\/cartes-cadeaux\/#primaryimage"},"image":{"@id":"https:\/\/hypnosens91.fr\/index.php\/cartes-cadeaux\/#primaryimage"},"thumbnailUrl":"http:\/\/hypnosens91.fr\/wp-content\/uploads\/2026\/04\/IMG_20260403_150838.png","datePublished":"2026-04-03T13:03:27+00:00","dateModified":"2026-04-03T13:10:52+00:00","breadcrumb":{"@id":"https:\/\/hypnosens91.fr\/index.php\/cartes-cadeaux\/#breadcrumb"},"inLanguage":"fr-FR","potentialAction":[{"@type":"ReadAction","target":["https:\/\/hypnosens91.fr\/index.php\/cartes-cadeaux\/"]}]},{"@type":"ImageObject","inLanguage":"fr-FR","@id":"https:\/\/hypnosens91.fr\/index.php\/cartes-cadeaux\/#primaryimage","url":"http:\/\/hypnosens91.fr\/wp-content\/uploads\/2026\/04\/IMG_20260403_150838.png","contentUrl":"http:\/\/hypnosens91.fr\/wp-content\/uploads\/2026\/04\/IMG_20260403_150838.png"},{"@type":"BreadcrumbList","@id":"https:\/\/hypnosens91.fr\/index.php\/cartes-cadeaux\/#breadcrumb","itemListElement":[{"@type":"ListItem","position":1,"name":"Accueil","item":"https:\/\/hypnosens91.fr\/"},{"@type":"ListItem","position":2,"name":"Cartes cadeaux"}]},{"@type":"WebSite","@id":"https:\/\/hypnosens91.fr\/#website","url":"https:\/\/hypnosens91.fr\/","name":"Hypnosens","description":"Hypnose &amp; \u00c9nergie","publisher":{"@id":"https:\/\/hypnosens91.fr\/#organization"},"potentialAction":[{"@type":"SearchAction","target":{"@type":"EntryPoint","urlTemplate":"https:\/\/hypnosens91.fr\/?s={search_term_string}"},"query-input":{"@type":"PropertyValueSpecification","valueRequired":true,"valueName":"search_term_string"}}],"inLanguage":"fr-FR"},{"@type":"Organization","@id":"https:\/\/hypnosens91.fr\/#organization","name":"Hypnosens","url":"https:\/\/hypnosens91.fr\/","logo":{"@type":"ImageObject","inLanguage":"fr-FR","@id":"https:\/\/hypnosens91.fr\/#\/schema\/logo\/image\/","url":"https:\/\/hypnosens91.fr\/wp-content\/uploads\/2025\/11\/logo-100.png","contentUrl":"https:\/\/hypnosens91.fr\/wp-content\/uploads\/2025\/11\/logo-100.png","width":100,"height":100,"caption":"Hypnosens"},"image":{"@id":"https:\/\/hypnosens91.fr\/#\/schema\/logo\/image\/"}}]}},"_links":{"self":[{"href":"https:\/\/hypnosens91.fr\/index.php\/wp-json\/wp\/v2\/pages\/292","targetHints":{"allow":["GET"]}}],"collection":[{"href":"https:\/\/hypnosens91.fr\/index.php\/wp-json\/wp\/v2\/pages"}],"about":[{"href":"https:\/\/hypnosens91.fr\/index.php\/wp-json\/wp\/v2\/types\/page"}],"author":[{"embeddable":true,"href":"https:\/\/hypnosens91.fr\/index.php\/wp-json\/wp\/v2\/users\/1"}],"replies":[{"embeddable":true,"href":"https:\/\/hypnosens91.fr\/index.php\/wp-json\/wp\/v2\/comments?post=292"}],"version-history":[{"count":2,"href":"https:\/\/hypnosens91.fr\/index.php\/wp-json\/wp\/v2\/pages\/292\/revisions"}],"predecessor-version":[{"id":302,"href":"https:\/\/hypnosens91.fr\/index.php\/wp-json\/wp\/v2\/pages\/292\/revisions\/302"}],"wp:attachment":[{"href":"https:\/\/hypnosens91.fr\/index.php\/wp-json\/wp\/v2\/media?parent=292"}],"curies":[{"name":"wp","href":"https:\/\/api.w.org\/{rel}","templated":true}]}}