{"id":254,"date":"2026-04-02T11:33:45","date_gmt":"2026-04-02T09:33:45","guid":{"rendered":"https:\/\/hypnosens91.fr\/?page_id=254"},"modified":"2026-04-02T13:54:17","modified_gmt":"2026-04-02T11:54:17","slug":"hypnose","status":"publish","type":"page","link":"https:\/\/hypnosens91.fr\/index.php\/hypnose\/","title":{"rendered":"Hypnose"},"content":{"rendered":"<p><!-- PAGE HYPNOSE - hypnosens91.fr --><\/p>\n<div class=\"hs-service-page hs-service-page--blue\">\n<p>  <!-- HERO --><\/p>\n<p>  <!-- CONTENU PRINCIPAL --><\/p>\n<div class=\"hs-sp-body\">\n<div class=\"hs-sp-card\">\n<div class=\"hs-sp-card__header\">\n        <!-- SVG spirale (repris depuis la page d'accueil) --><\/p>\n<div class=\"hs-sp-card__icon hs-card__icon--blue\">\n          <svg width=\"100\" height=\"100\" viewBox=\"0 0 150 150\" xmlns=\"http:\/\/www.w3.org\/2000\/svg\">\n            <circle cx=\"75\" cy=\"75\" r=\"72\" fill=\"#a0d8d8\" opacity=\"0.25\"\/>\n            <circle cx=\"75\" cy=\"75\" r=\"58\" fill=\"#7dc9c9\" opacity=\"0.25\"\/>\n            <path d=\"M 75,75 C 75,67 83,61 89,65 C 99,71 97,87 87,93 C 75,101 57,95 53,81 C 47,63 59,43 79,39 C 101,33 123,51 123,75 C 123,103 101,127 75,127 C 45,127 21,101 21,75 C 21,43 47,17 79,17\"\n              fill=\"none\" stroke=\"#4a9fa0\" stroke-width=\"4.5\" stroke-linecap=\"round\" opacity=\"0.9\"\/>\n            <circle cx=\"75\" cy=\"75\" r=\"6\" fill=\"#4a9fa0\" opacity=\"0.95\"\/>\n            <circle cx=\"75\" cy=\"75\" r=\"3\" fill=\"#c8eaea\" opacity=\"0.9\"\/>\n          <\/svg>\n        <\/div>\n<div class=\"hs-sp-card__header-text\">\n<h2 class=\"hs-sp-card__title\">Hypnose humaniste<\/h2>\n<p>L&rsquo;hypnose humaniste est une approche qui permet de mieux se comprendre et d&rsquo;agir en conscience sur ce qui se joue en soi.<\/p>\n<\/p><\/div>\n<\/p><\/div>\n<div class=\"hs-sp-two-col\">\n<div class=\"hs-sp-left\">\n<p>Contrairement \u00e0 certaines formes d&rsquo;hypnose, vous restez pleinement pr\u00e9sent et acteur de votre s\u00e9ance.<\/p>\n<p>Il ne s&rsquo;agit pas de \u00ab perdre le contr\u00f4le \u00bb, mais au contraire de gagner en clart\u00e9 \u00e0 travers diff\u00e9rents outils (\u00e9changes, symbolique, visualisation&#8230;). Nous allons explorer ce qui a besoin d&rsquo;\u00eatre vu, compris ou transform\u00e9. Cela peut passer par des images, des ressentis, ou certaines parts de vous qui demandent \u00e0 \u00eatre entendues.<\/p>\n<p>Chaque accompagnement est diff\u00e9rent : il s&rsquo;adapte \u00e0 votre fonctionnement et \u00e0 ce qui est juste pour vous.<\/p>\n<p class=\"hs-sp-section-label\">L&rsquo;hypnose peut permettre de :<\/p>\n<div class=\"hs-sp-two-mini-list\">\n<ul class=\"hs-sp-list hs-sp-list--blue\">\n<li>apaiser certains blocages<\/li>\n<li>se reconnecter \u00e0 ses ressources<\/li>\n<\/ul>\n<ul class=\"hs-sp-list hs-sp-list--blue\">\n<li>mieux comprendre ses m\u00e9canismes<\/li>\n<li>retrouver du mouvement int\u00e9rieur<\/li>\n<\/ul><\/div>\n<div class=\"hs-sp-rythme\">\n<h4>Rythme propos\u00e9<\/h4>\n<p>Les s\u00e9ances peuvent \u00eatre ponctuelles ou s&rsquo;inscrire dans un accompagnement, selon votre besoin et votre \u00e9volution.<\/p>\n<\/p><\/div>\n<\/p><\/div>\n<div class=\"hs-sp-right\">\n<div class=\"hs-sp-tarif-box\">\n<p class=\"hs-sp-tarif-title\">S\u00e9ance<br \/>1h30<br \/>Tarif : 70 \u20ac<\/p>\n<\/p><\/div>\n<div class=\"hs-sp-tarif-box hs-sp-tarif-box--alt\">\n<h4>S\u00e9ances enfants<br \/>&amp; adolescents<\/h4>\n<p>Dur\u00e9e : 60 \u00e0 90 minutes<br \/>Tarif : 45 \u20ac<\/p>\n<\/p><\/div>\n<p class=\"hs-sp-disclaimer\">Cet accompagnement ne remplace pas un suivi m\u00e9dical. Il peut venir en compl\u00e9ment pour accompagner ce qui se joue sur le plan \u00e9motionnel, \u00e9nerg\u00e9tique et global.<\/p>\n<\/p><\/div>\n<\/p><\/div>\n<p><!-- \/two-col --><\/p><\/div>\n<p><!-- \/card --><\/p>\n<p class=\"hs-sp-quote\"><em>S&rsquo;autoriser un moment, c&rsquo;est d\u00e9j\u00e0 transformer quelque chose.<\/em><\/p>\n<div class=\"hs-sp-cta\">\n      <a class=\"hs-btn hs-btn--filled\" href=\"\/index.php\/contact\">R\u00e9server une s\u00e9ance \u203a<\/a>\n    <\/div>\n<\/p><\/div>\n<p><!-- \/body --><\/p>\n<\/div>\n<p><!-- \/service-page --><\/p>\n","protected":false},"excerpt":{"rendered":"<p>Hypnose humaniste L&rsquo;hypnose humaniste est une approche qui permet de mieux se comprendre et d&rsquo;agir en conscience sur ce qui se joue en soi. Contrairement \u00e0 certaines formes d&rsquo;hypnose, vous &hellip; <\/p>\n","protected":false},"author":1,"featured_media":0,"parent":0,"menu_order":0,"comment_status":"closed","ping_status":"closed","template":"","meta":{"footnotes":""},"class_list":["post-254","page","type-page","status-publish","hentry"],"yoast_head":"<!-- This site is optimized with the Yoast SEO plugin v27.2 - https:\/\/yoast.com\/product\/yoast-seo-wordpress\/ -->\n<title>Hypnose - Hypnosens<\/title>\n<meta name=\"robots\" content=\"index, follow, max-snippet:-1, max-image-preview:large, max-video-preview:-1\" \/>\n<link rel=\"canonical\" href=\"https:\/\/hypnosens91.fr\/index.php\/hypnose\/\" \/>\n<meta property=\"og:locale\" content=\"fr_FR\" \/>\n<meta property=\"og:type\" content=\"article\" \/>\n<meta property=\"og:title\" content=\"Hypnose - Hypnosens\" \/>\n<meta property=\"og:description\" content=\"Hypnose humaniste L&rsquo;hypnose humaniste est une approche qui permet de mieux se comprendre et d&rsquo;agir en conscience sur ce qui se joue en soi. Contrairement \u00e0 certaines formes d&rsquo;hypnose, vous &hellip;\" \/>\n<meta property=\"og:url\" content=\"https:\/\/hypnosens91.fr\/index.php\/hypnose\/\" \/>\n<meta property=\"og:site_name\" content=\"Hypnosens\" \/>\n<meta property=\"article:modified_time\" content=\"2026-04-02T11:54:17+00:00\" \/>\n<meta name=\"twitter:card\" content=\"summary_large_image\" \/>\n<meta name=\"twitter:label1\" content=\"Dur\u00e9e de lecture estim\u00e9e\" \/>\n\t<meta name=\"twitter:data1\" content=\"2 minutes\" \/>\n<script type=\"application\/ld+json\" class=\"yoast-schema-graph\">{\"@context\":\"https:\/\/schema.org\",\"@graph\":[{\"@type\":\"WebPage\",\"@id\":\"https:\/\/hypnosens91.fr\/index.php\/hypnose\/\",\"url\":\"https:\/\/hypnosens91.fr\/index.php\/hypnose\/\",\"name\":\"Hypnose - Hypnosens\",\"isPartOf\":{\"@id\":\"https:\/\/hypnosens91.fr\/#website\"},\"datePublished\":\"2026-04-02T09:33:45+00:00\",\"dateModified\":\"2026-04-02T11:54:17+00:00\",\"breadcrumb\":{\"@id\":\"https:\/\/hypnosens91.fr\/index.php\/hypnose\/#breadcrumb\"},\"inLanguage\":\"fr-FR\",\"potentialAction\":[{\"@type\":\"ReadAction\",\"target\":[\"https:\/\/hypnosens91.fr\/index.php\/hypnose\/\"]}]},{\"@type\":\"BreadcrumbList\",\"@id\":\"https:\/\/hypnosens91.fr\/index.php\/hypnose\/#breadcrumb\",\"itemListElement\":[{\"@type\":\"ListItem\",\"position\":1,\"name\":\"Accueil\",\"item\":\"https:\/\/hypnosens91.fr\/\"},{\"@type\":\"ListItem\",\"position\":2,\"name\":\"Hypnose\"}]},{\"@type\":\"WebSite\",\"@id\":\"https:\/\/hypnosens91.fr\/#website\",\"url\":\"https:\/\/hypnosens91.fr\/\",\"name\":\"Hypnosens\",\"description\":\"Hypnose &amp; \u00c9nergie\",\"publisher\":{\"@id\":\"https:\/\/hypnosens91.fr\/#organization\"},\"potentialAction\":[{\"@type\":\"SearchAction\",\"target\":{\"@type\":\"EntryPoint\",\"urlTemplate\":\"https:\/\/hypnosens91.fr\/?s={search_term_string}\"},\"query-input\":{\"@type\":\"PropertyValueSpecification\",\"valueRequired\":true,\"valueName\":\"search_term_string\"}}],\"inLanguage\":\"fr-FR\"},{\"@type\":\"Organization\",\"@id\":\"https:\/\/hypnosens91.fr\/#organization\",\"name\":\"Hypnosens\",\"url\":\"https:\/\/hypnosens91.fr\/\",\"logo\":{\"@type\":\"ImageObject\",\"inLanguage\":\"fr-FR\",\"@id\":\"https:\/\/hypnosens91.fr\/#\/schema\/logo\/image\/\",\"url\":\"https:\/\/hypnosens91.fr\/wp-content\/uploads\/2025\/11\/logo-100.png\",\"contentUrl\":\"https:\/\/hypnosens91.fr\/wp-content\/uploads\/2025\/11\/logo-100.png\",\"width\":100,\"height\":100,\"caption\":\"Hypnosens\"},\"image\":{\"@id\":\"https:\/\/hypnosens91.fr\/#\/schema\/logo\/image\/\"}}]}<\/script>\n<!-- \/ Yoast SEO plugin. -->","yoast_head_json":{"title":"Hypnose - Hypnosens","robots":{"index":"index","follow":"follow","max-snippet":"max-snippet:-1","max-image-preview":"max-image-preview:large","max-video-preview":"max-video-preview:-1"},"canonical":"https:\/\/hypnosens91.fr\/index.php\/hypnose\/","og_locale":"fr_FR","og_type":"article","og_title":"Hypnose - Hypnosens","og_description":"Hypnose humaniste L&rsquo;hypnose humaniste est une approche qui permet de mieux se comprendre et d&rsquo;agir en conscience sur ce qui se joue en soi. Contrairement \u00e0 certaines formes d&rsquo;hypnose, vous &hellip;","og_url":"https:\/\/hypnosens91.fr\/index.php\/hypnose\/","og_site_name":"Hypnosens","article_modified_time":"2026-04-02T11:54:17+00:00","twitter_card":"summary_large_image","twitter_misc":{"Dur\u00e9e de lecture estim\u00e9e":"2 minutes"},"schema":{"@context":"https:\/\/schema.org","@graph":[{"@type":"WebPage","@id":"https:\/\/hypnosens91.fr\/index.php\/hypnose\/","url":"https:\/\/hypnosens91.fr\/index.php\/hypnose\/","name":"Hypnose - Hypnosens","isPartOf":{"@id":"https:\/\/hypnosens91.fr\/#website"},"datePublished":"2026-04-02T09:33:45+00:00","dateModified":"2026-04-02T11:54:17+00:00","breadcrumb":{"@id":"https:\/\/hypnosens91.fr\/index.php\/hypnose\/#breadcrumb"},"inLanguage":"fr-FR","potentialAction":[{"@type":"ReadAction","target":["https:\/\/hypnosens91.fr\/index.php\/hypnose\/"]}]},{"@type":"BreadcrumbList","@id":"https:\/\/hypnosens91.fr\/index.php\/hypnose\/#breadcrumb","itemListElement":[{"@type":"ListItem","position":1,"name":"Accueil","item":"https:\/\/hypnosens91.fr\/"},{"@type":"ListItem","position":2,"name":"Hypnose"}]},{"@type":"WebSite","@id":"https:\/\/hypnosens91.fr\/#website","url":"https:\/\/hypnosens91.fr\/","name":"Hypnosens","description":"Hypnose &amp; \u00c9nergie","publisher":{"@id":"https:\/\/hypnosens91.fr\/#organization"},"potentialAction":[{"@type":"SearchAction","target":{"@type":"EntryPoint","urlTemplate":"https:\/\/hypnosens91.fr\/?s={search_term_string}"},"query-input":{"@type":"PropertyValueSpecification","valueRequired":true,"valueName":"search_term_string"}}],"inLanguage":"fr-FR"},{"@type":"Organization","@id":"https:\/\/hypnosens91.fr\/#organization","name":"Hypnosens","url":"https:\/\/hypnosens91.fr\/","logo":{"@type":"ImageObject","inLanguage":"fr-FR","@id":"https:\/\/hypnosens91.fr\/#\/schema\/logo\/image\/","url":"https:\/\/hypnosens91.fr\/wp-content\/uploads\/2025\/11\/logo-100.png","contentUrl":"https:\/\/hypnosens91.fr\/wp-content\/uploads\/2025\/11\/logo-100.png","width":100,"height":100,"caption":"Hypnosens"},"image":{"@id":"https:\/\/hypnosens91.fr\/#\/schema\/logo\/image\/"}}]}},"_links":{"self":[{"href":"https:\/\/hypnosens91.fr\/index.php\/wp-json\/wp\/v2\/pages\/254","targetHints":{"allow":["GET"]}}],"collection":[{"href":"https:\/\/hypnosens91.fr\/index.php\/wp-json\/wp\/v2\/pages"}],"about":[{"href":"https:\/\/hypnosens91.fr\/index.php\/wp-json\/wp\/v2\/types\/page"}],"author":[{"embeddable":true,"href":"https:\/\/hypnosens91.fr\/index.php\/wp-json\/wp\/v2\/users\/1"}],"replies":[{"embeddable":true,"href":"https:\/\/hypnosens91.fr\/index.php\/wp-json\/wp\/v2\/comments?post=254"}],"version-history":[{"count":7,"href":"https:\/\/hypnosens91.fr\/index.php\/wp-json\/wp\/v2\/pages\/254\/revisions"}],"predecessor-version":[{"id":275,"href":"https:\/\/hypnosens91.fr\/index.php\/wp-json\/wp\/v2\/pages\/254\/revisions\/275"}],"wp:attachment":[{"href":"https:\/\/hypnosens91.fr\/index.php\/wp-json\/wp\/v2\/media?parent=254"}],"curies":[{"name":"wp","href":"https:\/\/api.w.org\/{rel}","templated":true}]}}