{"id":248,"date":"2026-04-02T11:28:15","date_gmt":"2026-04-02T09:28:15","guid":{"rendered":"https:\/\/hypnosens91.fr\/?page_id=248"},"modified":"2026-04-02T11:40:10","modified_gmt":"2026-04-02T09:40:10","slug":"massage-energetique","status":"publish","type":"page","link":"https:\/\/hypnosens91.fr\/index.php\/massage-energetique\/","title":{"rendered":"Massage \u00e9nerg\u00e9tique"},"content":{"rendered":"<p><!-- PAGE MASSAGE \u00c9NERG\u00c9TIQUE INTUITIF - hypnosens91.fr --><\/p>\n<div class=\"hs-service-page hs-service-page--orange\">\n  <!-- CONTENU PRINCIPAL --><\/p>\n<div class=\"hs-sp-body\">\n<div class=\"hs-sp-card\">\n<div class=\"hs-sp-card__header\">\n        <!-- SVG vagues (repris depuis la page d'accueil) --><\/p>\n<div class=\"hs-sp-card__icon hs-card__icon--orange\">\n          <svg width=\"100\" height=\"100\" viewBox=\"0 0 150 150\" xmlns=\"http:\/\/www.w3.org\/2000\/svg\">\n            <circle cx=\"75\" cy=\"75\" r=\"72\" fill=\"#f5cba7\" opacity=\"0.28\"\/>\n            <circle cx=\"75\" cy=\"75\" r=\"58\" fill=\"#e8a87c\" opacity=\"0.20\"\/>\n            <path d=\"M23,103 C39,89 57,111 75,99 C93,87 111,107 127,95\" fill=\"none\" stroke=\"#c97248\" stroke-width=\"2.8\" stroke-linecap=\"round\" opacity=\"0.95\"\/>\n            <path d=\"M23,85 C39,71 57,93 75,81 C93,69 111,89 127,77\" fill=\"none\" stroke=\"#d4845a\" stroke-width=\"2.4\" stroke-linecap=\"round\" opacity=\"0.80\"\/>\n            <path d=\"M23,67 C39,53 57,75 75,63 C93,51 111,71 127,59\" fill=\"none\" stroke=\"#e09060\" stroke-width=\"2.0\" stroke-linecap=\"round\" opacity=\"0.62\"\/>\n            <path d=\"M29,49 C43,37 61,55 75,45 C89,35 107,51 121,41\" fill=\"none\" stroke=\"#e8b080\" stroke-width=\"1.4\" stroke-linecap=\"round\" opacity=\"0.42\"\/>\n          <\/svg>\n        <\/div>\n<div class=\"hs-sp-card__header-text\">\n<h2 class=\"hs-sp-card__title\">Massage \u00e9nerg\u00e9tique intuitif<\/h2>\n<p>Le massage \u00e9nerg\u00e9tique intuitif est un moment pour se d\u00e9poser, rel\u00e2cher et revenir au corps.<\/p>\n<\/p><\/div>\n<\/p><\/div>\n<div class=\"hs-sp-two-col\">\n<div class=\"hs-sp-left\">\n<p>\u00c0 travers le toucher, il permet de d\u00e9tendre en profondeur, de rel\u00e2cher les tensions accumul\u00e9es et de remettre en circulation ce qui a besoin de l&rsquo;\u00eatre.<\/p>\n<p>Ici, le corps est au centre.<br \/>\n          C&rsquo;est par lui que le travail se fait, en \u00e9coutant ce qui se pr\u00e9sente dans l&rsquo;instant.<\/p>\n<p>Certaines tensions, parfois install\u00e9es depuis longtemps, peuvent ainsi se rel\u00e2cher sans avoir besoin de passer par le mental.<\/p>\n<p><strong>C&rsquo;est un moment<\/strong> privil\u00e9gi\u00e9 pour ralentir, ressentir et se reconnecter \u00e0 soi, en douceur.<\/p>\n<div class=\"hs-sp-rythme\">\n<h4>Rythme propos\u00e9<\/h4>\n<p>Une s\u00e9ance peut \u00eatre ponctuelle pour <em>rel\u00e2cher<\/em> en profondeur, ou s&rsquo;inscrire dans une <em>r\u00e9gularit\u00e9<\/em> selon vos besoins.<\/p>\n<\/p><\/div>\n<\/p><\/div>\n<div class=\"hs-sp-right\">\n<div class=\"hs-sp-tarif-box\">\n<p class=\"hs-sp-tarif-title\">S\u00e9ance<\/p>\n<p>1h : 80 \u20ac<br \/>1h30 : 100 \u20ac<\/p>\n<\/p><\/div>\n<div class=\"hs-sp-tarif-box hs-sp-tarif-box--alt\">\n<h4>S\u00e9ances enfants<br \/>&amp; adolescents<\/h4>\n<p>Dur\u00e9e : 30 minutes<br \/>Tarif : 40 \u20ac<\/p>\n<\/p><\/div>\n<p class=\"hs-sp-disclaimer\">Cet accompagnement ne remplace pas un suivi m\u00e9dical. Il peut venir en compl\u00e9ment pour accompagner ce qui se joue sur le plan \u00e9motionnel, \u00e9nerg\u00e9tique et global.<\/p>\n<\/p><\/div>\n<\/p><\/div>\n<p><!-- \/two-col --><\/p><\/div>\n<p><!-- \/card --><\/p>\n<p class=\"hs-sp-quote\"><em>S&rsquo;autoriser un moment, c&rsquo;est d\u00e9j\u00e0 transformer quelque chose.<\/em><\/p>\n<div class=\"hs-sp-cta\">\n      <a class=\"hs-btn hs-btn--filled\" href=\"\/index.php\/contact\">R\u00e9server une s\u00e9ance \u203a<\/a>\n    <\/div>\n<\/p><\/div>\n<p><!-- \/body --><\/p>\n<\/div>\n<p><!-- \/service-page --><\/p>\n","protected":false},"excerpt":{"rendered":"<p>Massage \u00e9nerg\u00e9tique intuitif Le massage \u00e9nerg\u00e9tique intuitif est un moment pour se d\u00e9poser, rel\u00e2cher et revenir au corps. \u00c0 travers le toucher, il permet de d\u00e9tendre en profondeur, de rel\u00e2cher &hellip; <\/p>\n","protected":false},"author":1,"featured_media":0,"parent":0,"menu_order":0,"comment_status":"closed","ping_status":"closed","template":"","meta":{"footnotes":""},"class_list":["post-248","page","type-page","status-publish","hentry"],"yoast_head":"<!-- This site is optimized with the Yoast SEO plugin v27.2 - https:\/\/yoast.com\/product\/yoast-seo-wordpress\/ -->\n<title>Massage \u00e9nerg\u00e9tique - Hypnosens<\/title>\n<meta name=\"robots\" content=\"index, follow, max-snippet:-1, max-image-preview:large, max-video-preview:-1\" \/>\n<link rel=\"canonical\" href=\"https:\/\/hypnosens91.fr\/index.php\/massage-energetique\/\" \/>\n<meta property=\"og:locale\" content=\"fr_FR\" \/>\n<meta property=\"og:type\" content=\"article\" \/>\n<meta property=\"og:title\" content=\"Massage \u00e9nerg\u00e9tique - Hypnosens\" \/>\n<meta property=\"og:description\" content=\"Massage \u00e9nerg\u00e9tique intuitif Le massage \u00e9nerg\u00e9tique intuitif est un moment pour se d\u00e9poser, rel\u00e2cher et revenir au corps. \u00c0 travers le toucher, il permet de d\u00e9tendre en profondeur, de rel\u00e2cher &hellip;\" \/>\n<meta property=\"og:url\" content=\"https:\/\/hypnosens91.fr\/index.php\/massage-energetique\/\" \/>\n<meta property=\"og:site_name\" content=\"Hypnosens\" \/>\n<meta property=\"article:modified_time\" content=\"2026-04-02T09:40:10+00:00\" \/>\n<meta name=\"twitter:card\" content=\"summary_large_image\" \/>\n<meta name=\"twitter:label1\" content=\"Dur\u00e9e de lecture estim\u00e9e\" \/>\n\t<meta name=\"twitter:data1\" content=\"1 minute\" \/>\n<script type=\"application\/ld+json\" class=\"yoast-schema-graph\">{\"@context\":\"https:\/\/schema.org\",\"@graph\":[{\"@type\":\"WebPage\",\"@id\":\"https:\/\/hypnosens91.fr\/index.php\/massage-energetique\/\",\"url\":\"https:\/\/hypnosens91.fr\/index.php\/massage-energetique\/\",\"name\":\"Massage \u00e9nerg\u00e9tique - Hypnosens\",\"isPartOf\":{\"@id\":\"https:\/\/hypnosens91.fr\/#website\"},\"datePublished\":\"2026-04-02T09:28:15+00:00\",\"dateModified\":\"2026-04-02T09:40:10+00:00\",\"breadcrumb\":{\"@id\":\"https:\/\/hypnosens91.fr\/index.php\/massage-energetique\/#breadcrumb\"},\"inLanguage\":\"fr-FR\",\"potentialAction\":[{\"@type\":\"ReadAction\",\"target\":[\"https:\/\/hypnosens91.fr\/index.php\/massage-energetique\/\"]}]},{\"@type\":\"BreadcrumbList\",\"@id\":\"https:\/\/hypnosens91.fr\/index.php\/massage-energetique\/#breadcrumb\",\"itemListElement\":[{\"@type\":\"ListItem\",\"position\":1,\"name\":\"Accueil\",\"item\":\"https:\/\/hypnosens91.fr\/\"},{\"@type\":\"ListItem\",\"position\":2,\"name\":\"Massage \u00e9nerg\u00e9tique\"}]},{\"@type\":\"WebSite\",\"@id\":\"https:\/\/hypnosens91.fr\/#website\",\"url\":\"https:\/\/hypnosens91.fr\/\",\"name\":\"Hypnosens\",\"description\":\"Hypnose &amp; \u00c9nergie\",\"publisher\":{\"@id\":\"https:\/\/hypnosens91.fr\/#organization\"},\"potentialAction\":[{\"@type\":\"SearchAction\",\"target\":{\"@type\":\"EntryPoint\",\"urlTemplate\":\"https:\/\/hypnosens91.fr\/?s={search_term_string}\"},\"query-input\":{\"@type\":\"PropertyValueSpecification\",\"valueRequired\":true,\"valueName\":\"search_term_string\"}}],\"inLanguage\":\"fr-FR\"},{\"@type\":\"Organization\",\"@id\":\"https:\/\/hypnosens91.fr\/#organization\",\"name\":\"Hypnosens\",\"url\":\"https:\/\/hypnosens91.fr\/\",\"logo\":{\"@type\":\"ImageObject\",\"inLanguage\":\"fr-FR\",\"@id\":\"https:\/\/hypnosens91.fr\/#\/schema\/logo\/image\/\",\"url\":\"https:\/\/hypnosens91.fr\/wp-content\/uploads\/2025\/11\/logo-100.png\",\"contentUrl\":\"https:\/\/hypnosens91.fr\/wp-content\/uploads\/2025\/11\/logo-100.png\",\"width\":100,\"height\":100,\"caption\":\"Hypnosens\"},\"image\":{\"@id\":\"https:\/\/hypnosens91.fr\/#\/schema\/logo\/image\/\"}}]}<\/script>\n<!-- \/ Yoast SEO plugin. -->","yoast_head_json":{"title":"Massage \u00e9nerg\u00e9tique - Hypnosens","robots":{"index":"index","follow":"follow","max-snippet":"max-snippet:-1","max-image-preview":"max-image-preview:large","max-video-preview":"max-video-preview:-1"},"canonical":"https:\/\/hypnosens91.fr\/index.php\/massage-energetique\/","og_locale":"fr_FR","og_type":"article","og_title":"Massage \u00e9nerg\u00e9tique - Hypnosens","og_description":"Massage \u00e9nerg\u00e9tique intuitif Le massage \u00e9nerg\u00e9tique intuitif est un moment pour se d\u00e9poser, rel\u00e2cher et revenir au corps. \u00c0 travers le toucher, il permet de d\u00e9tendre en profondeur, de rel\u00e2cher &hellip;","og_url":"https:\/\/hypnosens91.fr\/index.php\/massage-energetique\/","og_site_name":"Hypnosens","article_modified_time":"2026-04-02T09:40:10+00:00","twitter_card":"summary_large_image","twitter_misc":{"Dur\u00e9e de lecture estim\u00e9e":"1 minute"},"schema":{"@context":"https:\/\/schema.org","@graph":[{"@type":"WebPage","@id":"https:\/\/hypnosens91.fr\/index.php\/massage-energetique\/","url":"https:\/\/hypnosens91.fr\/index.php\/massage-energetique\/","name":"Massage \u00e9nerg\u00e9tique - Hypnosens","isPartOf":{"@id":"https:\/\/hypnosens91.fr\/#website"},"datePublished":"2026-04-02T09:28:15+00:00","dateModified":"2026-04-02T09:40:10+00:00","breadcrumb":{"@id":"https:\/\/hypnosens91.fr\/index.php\/massage-energetique\/#breadcrumb"},"inLanguage":"fr-FR","potentialAction":[{"@type":"ReadAction","target":["https:\/\/hypnosens91.fr\/index.php\/massage-energetique\/"]}]},{"@type":"BreadcrumbList","@id":"https:\/\/hypnosens91.fr\/index.php\/massage-energetique\/#breadcrumb","itemListElement":[{"@type":"ListItem","position":1,"name":"Accueil","item":"https:\/\/hypnosens91.fr\/"},{"@type":"ListItem","position":2,"name":"Massage \u00e9nerg\u00e9tique"}]},{"@type":"WebSite","@id":"https:\/\/hypnosens91.fr\/#website","url":"https:\/\/hypnosens91.fr\/","name":"Hypnosens","description":"Hypnose &amp; \u00c9nergie","publisher":{"@id":"https:\/\/hypnosens91.fr\/#organization"},"potentialAction":[{"@type":"SearchAction","target":{"@type":"EntryPoint","urlTemplate":"https:\/\/hypnosens91.fr\/?s={search_term_string}"},"query-input":{"@type":"PropertyValueSpecification","valueRequired":true,"valueName":"search_term_string"}}],"inLanguage":"fr-FR"},{"@type":"Organization","@id":"https:\/\/hypnosens91.fr\/#organization","name":"Hypnosens","url":"https:\/\/hypnosens91.fr\/","logo":{"@type":"ImageObject","inLanguage":"fr-FR","@id":"https:\/\/hypnosens91.fr\/#\/schema\/logo\/image\/","url":"https:\/\/hypnosens91.fr\/wp-content\/uploads\/2025\/11\/logo-100.png","contentUrl":"https:\/\/hypnosens91.fr\/wp-content\/uploads\/2025\/11\/logo-100.png","width":100,"height":100,"caption":"Hypnosens"},"image":{"@id":"https:\/\/hypnosens91.fr\/#\/schema\/logo\/image\/"}}]}},"_links":{"self":[{"href":"https:\/\/hypnosens91.fr\/index.php\/wp-json\/wp\/v2\/pages\/248","targetHints":{"allow":["GET"]}}],"collection":[{"href":"https:\/\/hypnosens91.fr\/index.php\/wp-json\/wp\/v2\/pages"}],"about":[{"href":"https:\/\/hypnosens91.fr\/index.php\/wp-json\/wp\/v2\/types\/page"}],"author":[{"embeddable":true,"href":"https:\/\/hypnosens91.fr\/index.php\/wp-json\/wp\/v2\/users\/1"}],"replies":[{"embeddable":true,"href":"https:\/\/hypnosens91.fr\/index.php\/wp-json\/wp\/v2\/comments?post=248"}],"version-history":[{"count":4,"href":"https:\/\/hypnosens91.fr\/index.php\/wp-json\/wp\/v2\/pages\/248\/revisions"}],"predecessor-version":[{"id":261,"href":"https:\/\/hypnosens91.fr\/index.php\/wp-json\/wp\/v2\/pages\/248\/revisions\/261"}],"wp:attachment":[{"href":"https:\/\/hypnosens91.fr\/index.php\/wp-json\/wp\/v2\/media?parent=248"}],"curies":[{"name":"wp","href":"https:\/\/api.w.org\/{rel}","templated":true}]}}