{"id":11,"date":"2025-10-18T21:26:35","date_gmt":"2025-10-18T19:26:35","guid":{"rendered":"https:\/\/hypnosens91.fr\/?page_id=11"},"modified":"2026-04-02T17:32:42","modified_gmt":"2026-04-02T15:32:42","slug":"accueil","status":"publish","type":"page","link":"https:\/\/hypnosens91.fr\/","title":{"rendered":"Accueil"},"content":{"rendered":"<p><!-- ===== HERO \/ BANNI\u00c8RE ===== --><\/p>\n<section class=\"hs-hero\">\n<div class=\"hs-hero__overlay\"><\/div>\n<div class=\"hs-hero__content\">\n<h1 class=\"hs-hero__title\">S&rsquo;autoriser. Rel\u00e2cher.<br \/>\nSe retrouver.<\/h1>\n<p class=\"hs-hero__subtitle\">Un accompagnement qui m\u00eale \u00e9change, hypnose,<br \/>\nr\u00e9\u00e9quilibrage \u00e9nerg\u00e9tique et massage, pour<br \/>\napaiser ce qui bloque et remettre du mouvement<br \/>\nl\u00e0 o\u00f9 tout semble fig\u00e9.<\/p>\n<div class=\"hs-hero__buttons\">\n<a class=\"hs-btn hs-btn--filled\" href=\"\/index.php\/contact\">R\u00e9server \u203a<\/a><\/div>\n<\/div>\n<\/section>\n<p><!-- ===== SERVICES ===== --><\/p>\n<section class=\"hs-services\">\n<h2 class=\"hs-section-title\">Les accompagnements propos\u00e9s<\/h2>\n<div class=\"hs-cards\">\n<div class=\"hs-card\">\n<div class=\"hs-card__icon hs-card__icon--green\">\n  <svg width=\"150\" height=\"150\" viewBox=\"0 0 150 150\" xmlns=\"http:\/\/www.w3.org\/2000\/svg\">\n    <circle cx=\"75\" cy=\"75\" r=\"72\" fill=\"#c8e6c9\" opacity=\"0.35\"\/>\n    <circle cx=\"75\" cy=\"75\" r=\"60\" fill=\"#a5d6a7\" opacity=\"0.45\"\/>\n    <g stroke=\"#4a7c4e\" fill=\"#4a7c4e\" transform=\"translate(75,75)\">\n      <ellipse cx=\"0\" cy=\"-24\" rx=\"10\" ry=\"20\" transform=\"rotate(-20,0,-24)\" opacity=\"0.9\"\/>\n      <ellipse cx=\"14\" cy=\"-16\" rx=\"9\" ry=\"18\" transform=\"rotate(30,14,-16)\" opacity=\"0.85\"\/>\n      <ellipse cx=\"-14\" cy=\"-16\" rx=\"9\" ry=\"18\" transform=\"rotate(-30,-14,-16)\" opacity=\"0.85\"\/>\n      <ellipse cx=\"20\" cy=\"0\" rx=\"8\" ry=\"16\" transform=\"rotate(60,20,0)\" opacity=\"0.75\"\/>\n      <ellipse cx=\"-20\" cy=\"0\" rx=\"8\" ry=\"16\" transform=\"rotate(-60,-20,0)\" opacity=\"0.75\"\/>\n      <ellipse cx=\"10\" cy=\"18\" rx=\"7\" ry=\"14\" transform=\"rotate(80,10,18)\" opacity=\"0.65\"\/>\n      <ellipse cx=\"-10\" cy=\"18\" rx=\"7\" ry=\"14\" transform=\"rotate(-80,-10,18)\" opacity=\"0.65\"\/>\n    <\/g>\n    <g stroke=\"#2e5e32\" fill=\"none\" stroke-width=\"1.2\" transform=\"translate(75,75)\">\n      <line x1=\"0\" y1=\"30\" x2=\"0\" y2=\"-10\"\/>\n      <path d=\"M0 10 Q8 0 14 -14\" stroke-width=\"1\"\/>\n      <path d=\"M0 10 Q-8 0 -14 -14\" stroke-width=\"1\"\/>\n    <\/g>\n    <circle cx=\"75\" cy=\"105\" r=\"3\" fill=\"#2e5e32\" opacity=\"0.6\"\/>\n  <\/svg>\n<\/div>\n<h3 class=\"hs-card__title hs-card__title--green\">Soins \u00e9nerg\u00e9tiques<\/h3>\n<p class=\"hs-card__text\">Lib\u00e9rer les tensions, relancer la circulation, apaiser en profondeur.<\/p>\n<p class=\"hs-card__text\">Un travail qui nettoie en profondeur et redonne de l&rsquo;\u00e9lan \u00e0 ce qui en a besoin.<\/p>\n<p><a class=\"hs-card__btn hs-card__btn--green\" href=\"\/index.php\/soins-energetiques\/\">En savoir plus \u203a<\/a><\/p>\n<\/div>\n<div class=\"hs-card\">\n<div class=\"hs-card__icon hs-card__icon--orange\">\n    <svg width=\"150\" height=\"150\" viewBox=\"0 0 150 150\" xmlns=\"http:\/\/www.w3.org\/2000\/svg\">\n    <circle cx=\"75\" cy=\"75\" r=\"72\" fill=\"#f5cba7\" opacity=\"0.28\"\/>\n    <circle cx=\"75\" cy=\"75\" r=\"58\" fill=\"#e8a87c\" opacity=\"0.20\"\/>\n    <!-- vague 1 - la plus basse -->\n    <path d=\"M23,103 C39,89 57,111 75,99 C93,87 111,107 127,95\"\n          fill=\"none\" stroke=\"#c97248\" stroke-width=\"2.8\" stroke-linecap=\"round\" opacity=\"0.95\"\/>\n    <!-- vague 2 -->\n    <path d=\"M23,85 C39,71 57,93 75,81 C93,69 111,89 127,77\"\n          fill=\"none\" stroke=\"#d4845a\" stroke-width=\"2.4\" stroke-linecap=\"round\" opacity=\"0.80\"\/>\n    <!-- vague 3 -->\n    <path d=\"M23,67 C39,53 57,75 75,63 C93,51 111,71 127,59\"\n          fill=\"none\" stroke=\"#e09060\" stroke-width=\"2.0\" stroke-linecap=\"round\" opacity=\"0.62\"\/>\n    <!-- vague 4 - la plus haute, la plus l\u00e9g\u00e8re -->\n    <path d=\"M29,49 C43,37 61,55 75,45 C89,35 107,51 121,41\"\n          fill=\"none\" stroke=\"#e8b080\" stroke-width=\"1.4\" stroke-linecap=\"round\" opacity=\"0.42\"\/>\n  <\/svg>\n<\/div>\n<h3 class=\"hs-card__title hs-card__title--orange\">Massage \u00e9nerg\u00e9tique intuitif<\/h3>\n<p class=\"hs-card__text\">Un moment privil\u00e9gi\u00e9 pour rel\u00e2cher, se reconnecter \u00e0 son corps et laisser circuler.<\/p>\n<p><a class=\"hs-card__btn hs-card__btn--orange\" href=\"\/index.php\/massage-energetique\/\">En savoir plus \u203a<\/a><\/p>\n<\/div>\n<div class=\"hs-card\">\n<div class=\"hs-card__icon hs-card__icon--blue\">\n<svg width=\"150\" height=\"150\" viewBox=\"0 0 150 150\" xmlns=\"http:\/\/www.w3.org\/2000\/svg\">\n    <circle cx=\"75\" cy=\"75\" r=\"72\" fill=\"#a0d8d8\" opacity=\"0.25\"\/>\n    <circle cx=\"75\" cy=\"75\" r=\"58\" fill=\"#7dc9c9\" opacity=\"0.25\"\/>\n    <path d=\"\n      M 75,75\n      C 75,67 83,61 89,65\n      C 99,71 97,87 87,93\n      C 75,101 57,95 53,81\n      C 47,63 59,43 79,39\n      C 101,33 123,51 123,75\n      C 123,103 101,127 75,127\n      C 45,127 21,101 21,75\n      C 21,43 47,17 79,17\n    \"\n    fill=\"none\"\n    stroke=\"#4a9fa0\"\n    stroke-width=\"4.5\"\n    stroke-linecap=\"round\"\n    opacity=\"0.9\"\/>\n    <circle cx=\"75\" cy=\"75\" r=\"6\" fill=\"#4a9fa0\" opacity=\"0.95\"\/>\n    <circle cx=\"75\" cy=\"75\" r=\"3\" fill=\"#c8eaea\" opacity=\"0.9\"\/>\n  <\/svg>\n<\/div>\n<h3 class=\"hs-card__title hs-card__title--blue\">Hypnose<\/h3>\n<p class=\"hs-card__text\">Comprendre ce qui se joue en vous et permettre une transformation en douceur.<\/p>\n<p><a class=\"hs-card__btn hs-card__btn--blue\" href=\"\/index.php\/hypnose\/\">En savoir plus \u203a<\/a><\/p>\n<\/div>\n<\/div>\n<p class=\"hs-services__tagline\">Chaque accompagnement est unique, m\u00ealant<br \/>\n\u00e9change, travail corporel et approche adapt\u00e9e \u00e0 votre besoin.<\/p>\n<\/section>\n<p><!-- ===== POUR QUI \/ T\u00c9MOIGNAGES ===== --><\/p>\n<section class=\"hs-testimonials\">\n<h2 class=\"hs-section-title\">Ils en parlent&#8230;<\/h2>\n<style>#wprev-slider-1 .wprev_preview_bradius_T1 {border-radius: 20px;}#wprev-slider-1 .wprev_preview_bg1_T1::after{ border-top: 30px solid ; }<\/style><style><\/style><div class=\"wprev-slider revnotsameheight\" id=\"wprev-slider-1\" data-revsameheight=\"no\" data-onemobil=\"\" data-sliderautoplay=\"\"  data-slidespeed=\"1\" data-slideautodelay=\"5\" data-sliderhideprevnext=\"\" data-sliderhidedots=\"\" data-sliderfixedheight=\"\"><ul><li>\t\t<div class=\"wprevpro_t1_outer_div w3_wprs-row-padding\">\r\n\t\t\t\t<div class=\"wprevpro_t1_DIV_1 w3_wprs-col l4\">\r\n\t\t\t<div class=\"indrevdiv wprevpro_t1_DIV_2 wprev_preview_bg1_T1 wprev_preview_tcolor1_T1 wprev_preview_bradius_T1\">\r\n\t\t\t\t<p class=\"wprevpro_t1_P_3 wprev_preview_tcolor1_T1\">\r\n\t\t\t\t\t<span class=\"wprevpro_star_imgs_T1\"><span class=\"starloc1 wprevpro_star_imgs wprevpro_star_imgsloc1\"><span class=\"svgicons svg-wprsp-star\"><\/span><span class=\"svgicons svg-wprsp-star\"><\/span><span class=\"svgicons svg-wprsp-star\"><\/span><span class=\"svgicons svg-wprsp-star\"><\/span><span class=\"svgicons svg-wprsp-star\"><\/span><\/span><\/span><span class=\"verifiedloc1 wprevpro_verified_svg wprevtooltip\" data-wprevtooltip=\"Verified on Google\"><span class=\"svgicons svg-wprsp-verified\"><\/span><\/span>Claire est tr\u00e8s accueillante, je me suis tout de suite sentie bien dans un environnement calme. C\u2019\u00e9tait une exp\u00e9rience nouvelle, je ne savais pas trop \u00e0 quoi m\u2019attendre. Je suis sortie apais\u00e9e et d\u00e9tendue. C\u2019est tr\u00e8s relaxant. J\u2019ai carr\u00e9ment envie d\u2019y retourner. Je recommande fortement. Jade 14 ans\t\t\t\t<\/p>\r\n\t\t\t\t\t\t\t\t<img decoding=\"async\" src=\"https:\/\/hypnosens91.fr\/wp-content\/plugins\/wp-google-places-review-slider\/public\/partials\/imgs\/google_small_icon.png\" alt=\"Google Logo\" class=\"wprevpro_t1_site_logo siteicon sitetype_Google\">\t\t\t<\/div><span class=\"wprevpro_t1_A_8\"><img decoding=\"async\" src=\"https:\/\/lh3.googleusercontent.com\/a\/ACg8ocJcBxzldWPQGWwyeRzxhd8sAJz-yKlA806w6rGm8OqpqrGAzg=s64-c-rp-mo-br100\" alt=\"b D Avatar\" class=\"wprevpro_t1_IMG_4\" loading=\"lazy\" \/><\/span> <span class=\"wprevpro_t1_SPAN_5 wprev_preview_tcolor2_T1\">b D<br\/><span class=\"wprev_showdate_T1\">d\u00e9cembre 22, 2025<\/span> <\/span>\r\n\t\t<\/div>\r\n\t\t\t<div class=\"wprevpro_t1_DIV_1 w3_wprs-col l4\">\r\n\t\t\t<div class=\"indrevdiv wprevpro_t1_DIV_2 wprev_preview_bg1_T1 wprev_preview_tcolor1_T1 wprev_preview_bradius_T1\">\r\n\t\t\t\t<p class=\"wprevpro_t1_P_3 wprev_preview_tcolor1_T1\">\r\n\t\t\t\t\t<span class=\"wprevpro_star_imgs_T1\"><span class=\"starloc1 wprevpro_star_imgs wprevpro_star_imgsloc1\"><span class=\"svgicons svg-wprsp-star\"><\/span><span class=\"svgicons svg-wprsp-star\"><\/span><span class=\"svgicons svg-wprsp-star\"><\/span><span class=\"svgicons svg-wprsp-star\"><\/span><span class=\"svgicons svg-wprsp-star\"><\/span><\/span><\/span><span class=\"verifiedloc1 wprevpro_verified_svg wprevtooltip\" data-wprevtooltip=\"Verified on Google\"><span class=\"svgicons svg-wprsp-verified\"><\/span><\/span>Alors que dire, aller y les yeux ferm\u00e9s. Une personne qui est \u00e0 l'\u00e9coute tr\u00e8s douce dans sa voix, elle d\u00e9gage une \u00e9nergie incroyable. Je suis rentr\u00e9 avec pas mal de soucis et ressorti heureux car, les douleurs que j'avais ont disparu et niveau  \u00e9motionnel elle m'a beaucoup aid\u00e9, une tr\u00e8s belle rencontre\nMerci encore \u00e0 vous pour ce soin merveilleux qui a permis de me d\u00e9tendre et de tout \u00e9vacuer.\t\t\t\t<\/p>\r\n\t\t\t\t\t\t\t\t<img decoding=\"async\" src=\"https:\/\/hypnosens91.fr\/wp-content\/plugins\/wp-google-places-review-slider\/public\/partials\/imgs\/google_small_icon.png\" alt=\"Google Logo\" class=\"wprevpro_t1_site_logo siteicon sitetype_Google\">\t\t\t<\/div><span class=\"wprevpro_t1_A_8\"><img decoding=\"async\" src=\"https:\/\/lh3.googleusercontent.com\/a\/ACg8ocKvhRZp8nyhpl3wDhskXYdxZUfn8Pqd0mfWM9GGJ5Cf_GUT=s64-c-rp-mo-ba3-br100\" alt=\"Filipe Avatar\" class=\"wprevpro_t1_IMG_4\" loading=\"lazy\" \/><\/span> <span class=\"wprevpro_t1_SPAN_5 wprev_preview_tcolor2_T1\">Filipe<br\/><span class=\"wprev_showdate_T1\">d\u00e9cembre 13, 2025<\/span> <\/span>\r\n\t\t<\/div>\r\n\t\t\t<div class=\"wprevpro_t1_DIV_1 w3_wprs-col l4\">\r\n\t\t\t<div class=\"indrevdiv wprevpro_t1_DIV_2 wprev_preview_bg1_T1 wprev_preview_tcolor1_T1 wprev_preview_bradius_T1\">\r\n\t\t\t\t<p class=\"wprevpro_t1_P_3 wprev_preview_tcolor1_T1\">\r\n\t\t\t\t\t<span class=\"wprevpro_star_imgs_T1\"><span class=\"starloc1 wprevpro_star_imgs wprevpro_star_imgsloc1\"><span class=\"svgicons svg-wprsp-star\"><\/span><span class=\"svgicons svg-wprsp-star\"><\/span><span class=\"svgicons svg-wprsp-star\"><\/span><span class=\"svgicons svg-wprsp-star\"><\/span><span class=\"svgicons svg-wprsp-star\"><\/span><\/span><\/span><span class=\"verifiedloc1 wprevpro_verified_svg wprevtooltip\" data-wprevtooltip=\"Verified on Google\"><span class=\"svgicons svg-wprsp-verified\"><\/span><\/span>J'ai re\u00e7u un beau cadeau !\nUne nouvelle exp\u00e9rience avec \u00e9coute et bienveillance.\nSuite \u00e0 la s\u00e9ance, l'\u00e9nergie circule avec fluidit\u00e9 et les tensions se sont apais\u00e9es.\nMerci \ud83d\ude4f\u2728\ufe0f\t\t\t\t<\/p>\r\n\t\t\t\t\t\t\t\t<img decoding=\"async\" src=\"https:\/\/hypnosens91.fr\/wp-content\/plugins\/wp-google-places-review-slider\/public\/partials\/imgs\/google_small_icon.png\" alt=\"Google Logo\" class=\"wprevpro_t1_site_logo siteicon sitetype_Google\">\t\t\t<\/div><span class=\"wprevpro_t1_A_8\"><img decoding=\"async\" src=\"https:\/\/lh3.googleusercontent.com\/a-\/ALV-UjXpEXjxEvhG8U50muOp3HZdtYx9HDxEWjVIZSJqCm8eyBNrJRZd=s64-c-rp-mo-br100\" alt=\"cecile renard Avatar\" class=\"wprevpro_t1_IMG_4\" loading=\"lazy\" \/><\/span> <span class=\"wprevpro_t1_SPAN_5 wprev_preview_tcolor2_T1\">cecile renard<br\/><span class=\"wprev_showdate_T1\">f\u00e9vrier 3, 2026<\/span> <\/span>\r\n\t\t<\/div>\r\n\t\t<\/div>\r\n<\/li><\/ul><\/div>\r\n\n<\/section>\n","protected":false},"excerpt":{"rendered":"<p>S&rsquo;autoriser. Rel\u00e2cher. Se retrouver. Un accompagnement qui m\u00eale \u00e9change, hypnose, r\u00e9\u00e9quilibrage \u00e9nerg\u00e9tique et massage, pour apaiser ce qui bloque et remettre du mouvement l\u00e0 o\u00f9 tout semble fig\u00e9. R\u00e9server \u203a &hellip; <\/p>\n","protected":false},"author":1,"featured_media":0,"parent":0,"menu_order":0,"comment_status":"closed","ping_status":"closed","template":"","meta":{"footnotes":""},"class_list":["post-11","page","type-page","status-publish","hentry"],"yoast_head":"<!-- This site is optimized with the Yoast SEO plugin v27.2 - https:\/\/yoast.com\/product\/yoast-seo-wordpress\/ -->\n<title>Accueil - Hypnosens<\/title>\n<meta name=\"description\" content=\"Hypnosens est bas\u00e9 sur l\u2019hypnose et le r\u00e9\u00e9quilibrage \u00e9nerg\u00e9tique, pour en faire un accompagnement vivant, intuitif et profond\u00e9ment humain.\" \/>\n<meta name=\"robots\" content=\"index, follow, max-snippet:-1, max-image-preview:large, max-video-preview:-1\" \/>\n<link rel=\"canonical\" href=\"https:\/\/hypnosens91.fr\/\" \/>\n<meta property=\"og:locale\" content=\"fr_FR\" \/>\n<meta property=\"og:type\" content=\"article\" \/>\n<meta property=\"og:title\" content=\"Accueil - Hypnosens\" \/>\n<meta property=\"og:description\" content=\"Hypnosens est bas\u00e9 sur l\u2019hypnose et le r\u00e9\u00e9quilibrage \u00e9nerg\u00e9tique, pour en faire un accompagnement vivant, intuitif et profond\u00e9ment humain.\" \/>\n<meta property=\"og:url\" content=\"https:\/\/hypnosens91.fr\/\" \/>\n<meta property=\"og:site_name\" content=\"Hypnosens\" \/>\n<meta property=\"article:modified_time\" content=\"2026-04-02T15:32:42+00:00\" \/>\n<meta name=\"twitter:card\" content=\"summary_large_image\" \/>\n<meta name=\"twitter:label1\" content=\"Dur\u00e9e de lecture estim\u00e9e\" \/>\n\t<meta name=\"twitter:data1\" content=\"1 minute\" \/>\n<script type=\"application\/ld+json\" class=\"yoast-schema-graph\">{\"@context\":\"https:\/\/schema.org\",\"@graph\":[{\"@type\":\"WebPage\",\"@id\":\"https:\/\/hypnosens91.fr\/\",\"url\":\"https:\/\/hypnosens91.fr\/\",\"name\":\"Accueil - Hypnosens\",\"isPartOf\":{\"@id\":\"https:\/\/hypnosens91.fr\/#website\"},\"datePublished\":\"2025-10-18T19:26:35+00:00\",\"dateModified\":\"2026-04-02T15:32:42+00:00\",\"description\":\"Hypnosens est bas\u00e9 sur l\u2019hypnose et le r\u00e9\u00e9quilibrage \u00e9nerg\u00e9tique, pour en faire un accompagnement vivant, intuitif et profond\u00e9ment humain.\",\"breadcrumb\":{\"@id\":\"https:\/\/hypnosens91.fr\/#breadcrumb\"},\"inLanguage\":\"fr-FR\",\"potentialAction\":[{\"@type\":\"ReadAction\",\"target\":[\"https:\/\/hypnosens91.fr\/\"]}]},{\"@type\":\"BreadcrumbList\",\"@id\":\"https:\/\/hypnosens91.fr\/#breadcrumb\",\"itemListElement\":[{\"@type\":\"ListItem\",\"position\":1,\"name\":\"Accueil\",\"item\":\"https:\/\/hypnosens91.fr\/\"},{\"@type\":\"ListItem\",\"position\":2,\"name\":\"Accueil\"}]},{\"@type\":\"WebSite\",\"@id\":\"https:\/\/hypnosens91.fr\/#website\",\"url\":\"https:\/\/hypnosens91.fr\/\",\"name\":\"Hypnosens\",\"description\":\"Hypnose &amp; \u00c9nergie\",\"publisher\":{\"@id\":\"https:\/\/hypnosens91.fr\/#organization\"},\"potentialAction\":[{\"@type\":\"SearchAction\",\"target\":{\"@type\":\"EntryPoint\",\"urlTemplate\":\"https:\/\/hypnosens91.fr\/?s={search_term_string}\"},\"query-input\":{\"@type\":\"PropertyValueSpecification\",\"valueRequired\":true,\"valueName\":\"search_term_string\"}}],\"inLanguage\":\"fr-FR\"},{\"@type\":\"Organization\",\"@id\":\"https:\/\/hypnosens91.fr\/#organization\",\"name\":\"Hypnosens\",\"url\":\"https:\/\/hypnosens91.fr\/\",\"logo\":{\"@type\":\"ImageObject\",\"inLanguage\":\"fr-FR\",\"@id\":\"https:\/\/hypnosens91.fr\/#\/schema\/logo\/image\/\",\"url\":\"https:\/\/hypnosens91.fr\/wp-content\/uploads\/2025\/11\/logo-100.png\",\"contentUrl\":\"https:\/\/hypnosens91.fr\/wp-content\/uploads\/2025\/11\/logo-100.png\",\"width\":100,\"height\":100,\"caption\":\"Hypnosens\"},\"image\":{\"@id\":\"https:\/\/hypnosens91.fr\/#\/schema\/logo\/image\/\"}}]}<\/script>\n<!-- \/ Yoast SEO plugin. -->","yoast_head_json":{"title":"Accueil - Hypnosens","description":"Hypnosens est bas\u00e9 sur l\u2019hypnose et le r\u00e9\u00e9quilibrage \u00e9nerg\u00e9tique, pour en faire un accompagnement vivant, intuitif et profond\u00e9ment humain.","robots":{"index":"index","follow":"follow","max-snippet":"max-snippet:-1","max-image-preview":"max-image-preview:large","max-video-preview":"max-video-preview:-1"},"canonical":"https:\/\/hypnosens91.fr\/","og_locale":"fr_FR","og_type":"article","og_title":"Accueil - Hypnosens","og_description":"Hypnosens est bas\u00e9 sur l\u2019hypnose et le r\u00e9\u00e9quilibrage \u00e9nerg\u00e9tique, pour en faire un accompagnement vivant, intuitif et profond\u00e9ment humain.","og_url":"https:\/\/hypnosens91.fr\/","og_site_name":"Hypnosens","article_modified_time":"2026-04-02T15:32:42+00:00","twitter_card":"summary_large_image","twitter_misc":{"Dur\u00e9e de lecture estim\u00e9e":"1 minute"},"schema":{"@context":"https:\/\/schema.org","@graph":[{"@type":"WebPage","@id":"https:\/\/hypnosens91.fr\/","url":"https:\/\/hypnosens91.fr\/","name":"Accueil - Hypnosens","isPartOf":{"@id":"https:\/\/hypnosens91.fr\/#website"},"datePublished":"2025-10-18T19:26:35+00:00","dateModified":"2026-04-02T15:32:42+00:00","description":"Hypnosens est bas\u00e9 sur l\u2019hypnose et le r\u00e9\u00e9quilibrage \u00e9nerg\u00e9tique, pour en faire un accompagnement vivant, intuitif et profond\u00e9ment humain.","breadcrumb":{"@id":"https:\/\/hypnosens91.fr\/#breadcrumb"},"inLanguage":"fr-FR","potentialAction":[{"@type":"ReadAction","target":["https:\/\/hypnosens91.fr\/"]}]},{"@type":"BreadcrumbList","@id":"https:\/\/hypnosens91.fr\/#breadcrumb","itemListElement":[{"@type":"ListItem","position":1,"name":"Accueil","item":"https:\/\/hypnosens91.fr\/"},{"@type":"ListItem","position":2,"name":"Accueil"}]},{"@type":"WebSite","@id":"https:\/\/hypnosens91.fr\/#website","url":"https:\/\/hypnosens91.fr\/","name":"Hypnosens","description":"Hypnose &amp; \u00c9nergie","publisher":{"@id":"https:\/\/hypnosens91.fr\/#organization"},"potentialAction":[{"@type":"SearchAction","target":{"@type":"EntryPoint","urlTemplate":"https:\/\/hypnosens91.fr\/?s={search_term_string}"},"query-input":{"@type":"PropertyValueSpecification","valueRequired":true,"valueName":"search_term_string"}}],"inLanguage":"fr-FR"},{"@type":"Organization","@id":"https:\/\/hypnosens91.fr\/#organization","name":"Hypnosens","url":"https:\/\/hypnosens91.fr\/","logo":{"@type":"ImageObject","inLanguage":"fr-FR","@id":"https:\/\/hypnosens91.fr\/#\/schema\/logo\/image\/","url":"https:\/\/hypnosens91.fr\/wp-content\/uploads\/2025\/11\/logo-100.png","contentUrl":"https:\/\/hypnosens91.fr\/wp-content\/uploads\/2025\/11\/logo-100.png","width":100,"height":100,"caption":"Hypnosens"},"image":{"@id":"https:\/\/hypnosens91.fr\/#\/schema\/logo\/image\/"}}]}},"_links":{"self":[{"href":"https:\/\/hypnosens91.fr\/index.php\/wp-json\/wp\/v2\/pages\/11","targetHints":{"allow":["GET"]}}],"collection":[{"href":"https:\/\/hypnosens91.fr\/index.php\/wp-json\/wp\/v2\/pages"}],"about":[{"href":"https:\/\/hypnosens91.fr\/index.php\/wp-json\/wp\/v2\/types\/page"}],"author":[{"embeddable":true,"href":"https:\/\/hypnosens91.fr\/index.php\/wp-json\/wp\/v2\/users\/1"}],"replies":[{"embeddable":true,"href":"https:\/\/hypnosens91.fr\/index.php\/wp-json\/wp\/v2\/comments?post=11"}],"version-history":[{"count":25,"href":"https:\/\/hypnosens91.fr\/index.php\/wp-json\/wp\/v2\/pages\/11\/revisions"}],"predecessor-version":[{"id":282,"href":"https:\/\/hypnosens91.fr\/index.php\/wp-json\/wp\/v2\/pages\/11\/revisions\/282"}],"wp:attachment":[{"href":"https:\/\/hypnosens91.fr\/index.php\/wp-json\/wp\/v2\/media?parent=11"}],"curies":[{"name":"wp","href":"https:\/\/api.w.org\/{rel}","templated":true}]}}